{"id":1118,"date":"2022-06-02T19:15:22","date_gmt":"2022-06-02T16:15:22","guid":{"rendered":"https:\/\/www.mghhukuk.com\/?page_id=1118"},"modified":"2022-06-08T13:41:26","modified_gmt":"2022-06-08T10:41:26","slug":"online-danismanlik","status":"publish","type":"page","link":"https:\/\/www.mghhukuk.com\/?page_id=1118","title":{"rendered":"ONLINE \u00dcCRETL\u0130 DANI\u015eMANLIK"},"content":{"rendered":"<p>[vc_row full_width=&#8221;stretch_row&#8221; content_placement=&#8221;middle&#8221; css=&#8221;.vc_custom_1654201106875{background: #e8e8ea url(https:\/\/www.mghhukuk.com\/wp-content\/uploads\/2022\/06\/image-30.jpg?id=1154) !important;background-position: center !important;background-repeat: no-repeat !important;background-size: cover !important;}&#8221;][vc_column][vc_empty_space height=&#8221;120px&#8221;][vc_custom_heading text=&#8221;ONLINE DANI\u015eMANLIK&#8221; font_container=&#8221;tag:div|font_size:40|text_align:center|color:%23ffffff&#8221; use_theme_fonts=&#8221;yes&#8221;][vc_row_inner][vc_column_inner width=&#8221;1\/5&#8243;][\/vc_column_inner][vc_column_inner width=&#8221;1\/5&#8243;][\/vc_column_inner][vc_column_inner width=&#8221;1\/5&#8243;][vc_separator color=&#8221;custom&#8221; border_width=&#8221;4&#8243; accent_color=&#8221;#ffffff&#8221;][vc_empty_space height=&#8221;120px&#8221;][\/vc_column_inner][vc_column_inner width=&#8221;1\/5&#8243;][\/vc_column_inner][vc_column_inner width=&#8221;1\/5&#8243;][\/vc_column_inner][\/vc_row_inner][\/vc_column][\/vc_row][vc_row full_width=&#8221;stretch_row&#8221; css=&#8221;.vc_custom_1654203085446{background-color: #e8e8ea !important;}&#8221;][vc_column][vc_empty_space height=&#8221;64px&#8221;][vc_column_text]<\/p>\n<h3><strong>ONLINE HUKUK\u0130 DANI\u015eMANLIK \/ G\u00d6R\u00dcNT\u00dcL\u00dc HUKUK\u0130 DANI\u015eMANLIK NED\u0130R ?<\/strong><\/h3>\n<p>MGH Hukuk B\u00fcrosu olarak, b\u00fcromuzda hukuki dan\u0131\u015fmanl\u0131k hizmeti vermek ile birlikte \u0130stanbul d\u0131\u015f\u0131nda veya yurt d\u0131\u015f\u0131nda bulunan ya da vakti olmad\u0131\u011f\u0131 i\u00e7in b\u00fcromuza gelemeyen de\u011ferli dan\u0131\u015fanlar\u0131m\u0131z\u0131n ya\u015fad\u0131klar\u0131 veya ak\u0131llar\u0131na tak\u0131lan hukuki sorular ve olaylar hakk\u0131nda \u00e7e\u015fitli sosyal a\u011flar vas\u0131tas\u0131 ile online(\u00e7evrimi\u00e7i) hukuki dan\u0131\u015fmanl\u0131k hizmeti vermekteyiz.<\/p>\n<p>Siz de\u011ferli dan\u0131\u015fanlar\u0131m\u0131z\u0131n ihtiya\u00e7lar\u0131na ve taleplerine daha h\u0131zl\u0131 ve etkili \u00e7\u00f6z\u00fcmler sunmak amac\u0131yla, teknolojik geli\u015fmelerin de kolayl\u0131klar\u0131n\u0131 kullanarak internet eri\u015fiminizin oldu\u011fu her yerde, bilgisayar\u0131n\u0131zdan, tabletinizden veya cep telefonunuzdan Online\/ G\u00f6r\u00fcnt\u00fcl\u00fc Hukuki Dan\u0131\u015fmanl\u0131k hizmetini uzman avukatlar\u0131m\u0131z ile en etkin ve verimli \u015fekilde sunmaktay\u0131z.<\/p>\n<p><strong>Online hukuki dan\u0131\u015fmanl\u0131k hizmeti ile b\u00fcromuzda verilen dan\u0131\u015fmanl\u0131k hizmeti aras\u0131nda herhangi bir fark bulunmamaktad\u0131r. Bu kapsamda avukat\u0131n bilgi ve birikimini siz Dan\u0131\u015fanlar\u0131m\u0131za hizmet olarak sundu\u011fu dan\u0131\u015fmanl\u0131k hizmetinde eme\u011finin kar\u015f\u0131l\u0131\u011f\u0131n\u0131 \u00fccret olarak almas\u0131 Avukatl\u0131k Kanunu ve hakkaniyet gereklili\u011fidir.<\/strong><\/p>\n<p>Online hukuki dan\u0131\u015fmanl\u0131k hizmeti veya online avukatl\u0131k hizmeti talebiniz i\u00e7in, <strong>0532 389 3834 <\/strong>ileti\u015fim numaras\u0131ndan bize ula\u015farak randevu kayd\u0131 olu\u015fturabilirsiniz. Ayr\u0131ca a\u015fa\u011f\u0131da yer alan online avukat dan\u0131\u015fma formu ile sorular\u0131n\u0131z\u0131 veya ya\u015fad\u0131\u011f\u0131n\u0131z hukuki sorunlar\u0131 bizlere ula\u015ft\u0131rabilirsiniz. Online hukuki dan\u0131\u015fmanl\u0131k talebiniz ile belirtti\u011finiz konu ile ilgili uzman avukat\u0131m\u0131z taraf\u0131ndan size en k\u0131sa s\u00fcrede d\u00f6n\u00fc\u015f yap\u0131lacakt\u0131r.<\/p>\n<p>\u0130nternet \u00fczerinden online hukuki dan\u0131\u015fmanl\u0131k hizmeti alman\u0131z halinde, ayn\u0131 konuyla ilgili sorunlar\u0131n giderilmesi i\u00e7in yeniden deste\u011fe ihtiya\u00e7 duyman\u0131z durumunda tekrar dan\u0131\u015fmanl\u0131k \u00fccreti \u00f6demeden bizimle ileti\u015fime ge\u00e7ebilirsiniz.<\/p>\n<p>&nbsp;<\/p>\n<h3><strong>ONLINE HUKUK\u0130 DANI\u015eMANLIK G\u00d6R\u00dc\u015eMES\u0130 ESNASINDA D\u0130KKAT ED\u0130LMES\u0130 GEREKENLER VE GEREKL\u0130 ALTYAPI<\/strong><\/h3>\n<p><strong>G\u00f6r\u00fc\u015fme esnas\u0131nda bulundu\u011funuz ortamda sessizli\u011fin sa\u011flanmas\u0131 ve korunmas\u0131 \u00f6nemlidir. <\/strong>Bu sebep ile hem dikkatinizi da\u011f\u0131tacak hem de g\u00f6r\u00fc\u015fmenin verimli ge\u00e7mesi engelleyecek etmenlerin olmad\u0131\u011f\u0131 bir ortamda bulunman\u0131z son derece \u00f6nem te\u015fkil etmektedir.<\/p>\n<p>Online hukuki dan\u0131\u015fmanl\u0131k i\u00e7in gereken altyap\u0131, g\u00f6r\u00fc\u015fmelerin b\u00f6l\u00fcnmemesi amac\u0131yla h\u0131zl\u0131 bir internet ba\u011flant\u0131s\u0131 ve gerekli program\u0131n (Zoom, Skype vb.) kurulu oldu\u011fu bir bilgisayar, tablet ya da cep telefonudur. <strong>Acil bir durum ger\u00e7ekle\u015fti\u011fi takdirde online hukuki dan\u0131\u015fmanl\u0131k hizmeti Whatsapp \u00fczerinden verilmektedir.<\/strong><\/p>\n<p>Zoom program\u0131n\u0131 indirmek i\u00e7in a\u015fa\u011f\u0131daki ba\u011flant\u0131lar\u0131 kullanabilirsiniz:<\/p>\n<p>Windows i\u00e7in\u00a0<strong><a href=\"https:\/\/zoom.us\/download\">t\u0131klay\u0131n.<\/a><\/strong><\/p>\n<p>Iphone i\u00e7in<strong>\u00a0<a href=\"https:\/\/apps.apple.com\/us\/app\/id546505307\">t\u0131klay\u0131n.<\/a><\/strong><\/p>\n<p>Android i\u00e7in\u00a0<strong><a href=\"https:\/\/play.google.com\/store\/apps\/details?id=us.zoom.videomeetings\">t\u0131klay\u0131n.<\/a><\/strong><\/p>\n<p><strong>ONL\u0130NE HUKUK\u0130 DANI\u015eMANLIK G\u00d6R\u00dc\u015eMES\u0130 HAKKINDA GENEL B\u0130LG\u0130LEND\u0130RME KURALLARI<\/strong><\/p>\n<ol>\n<li>Online Hukuki Dan\u0131\u015fmanl\u0131k g\u00f6r\u00fc\u015fmeleri g\u00f6r\u00fcnt\u00fcl\u00fc veya sesli olacak \u015fekilde Zoom, Skype vb. programlar arac\u0131l\u0131\u011f\u0131 ile yap\u0131lmaktad\u0131r. Sadece acil durumlarda Whatsapp arac\u0131l\u0131\u011f\u0131 ile yap\u0131lmaktad\u0131r.<\/li>\n<li>Online Hukuki Dan\u0131\u015fmanl\u0131k g\u00f6r\u00fc\u015fmeleri mesai saatleri d\u0131\u015f\u0131nda da ger\u00e7ekle\u015ftirilebilen g\u00f6r\u00fc\u015fmeler oldu\u011fundan, Dan\u0131\u015fan i\u00e7in en k\u0131sa s\u00fcrede randevu olu\u015fturulmaktad\u0131r.<\/li>\n<li>Online Hukuki Dan\u0131\u015fmanl\u0131k g\u00f6r\u00fc\u015fmelerinde ger\u00e7ekle\u015ftirilen ilk g\u00f6r\u00fc\u015fme sonucunda, gerekli g\u00f6r\u00fcld\u00fc\u011f\u00fc takdirde avukatlar\u0131m\u0131z g\u00f6r\u00fc\u015fme sonras\u0131nda Dan\u0131\u015fan\u0131 y\u00fcz y\u00fcze hukuki dan\u0131\u015fmanl\u0131k hizmetine y\u00f6nlendirebilirler. <strong>Online g\u00f6r\u00fc\u015fme sonras\u0131nda yap\u0131lacak y\u00fcz y\u00fcze dan\u0131\u015fmanl\u0131k hizmetinden herhangi bir \u00fccret talep edilmemektedir.<\/strong> Online Hukuki Dan\u0131\u015fmanl\u0131k hizmeti alanlar ise, ayn\u0131 konu hakk\u0131nda yeniden deste\u011fe ihtiya\u00e7 duymalar\u0131 durumunda tekrar dan\u0131\u015fmanl\u0131k \u00fccreti \u00f6demeden b\u00fcromuz ile ileti\u015fime ge\u00e7ebilirler.<\/li>\n<li>Dan\u0131\u015fan\u0131n randevusunu iptal etmesi gerekti\u011fi durumlarda, en ge\u00e7 online randevu saatinden 12 saat \u00f6ncesinde iptal etmesi durumunda \u00fccret iadesi alabilmesi m\u00fcmk\u00fcnd\u00fcr.<\/li>\n<li>B\u00fcromuzda ger\u00e7ekle\u015fen g\u00f6r\u00fc\u015fmelerle ayn\u0131 standartlar ile ger\u00e7ekle\u015ftirilen Online Hukuki Dan\u0131\u015fmanl\u0131k g\u00f6r\u00fc\u015fmeleri hakk\u0131nda randevu ve \u00fccret bilgisi i\u00e7in <strong>0532 389 3834<\/strong> numaral\u0131 hattan b\u00fcromuzu arayabilirsiniz.<\/li>\n<li>Ger\u00e7ekle\u015ftirilen g\u00f6r\u00fc\u015fmelerde Avukat, Dan\u0131\u015fan taraf\u0131ndan <strong>payla\u015f\u0131lan t\u00fcm bilgileri gizlilik prensibine ba\u011fl\u0131 kalarak sakl\u0131 tutmakla y\u00fck\u00fcml\u00fcd\u00fcr.<\/strong><\/li>\n<\/ol>\n<p>Online Hukuki Dan\u0131\u015fmanl\u0131k veya y\u00fcz y\u00fcze hukuki dan\u0131\u015fmanl\u0131k hizmetini almay\u0131 kabul eden <strong>Dan\u0131\u015fan, g\u00f6r\u00fc\u015fmelerin sesli ya da g\u00f6r\u00fcnt\u00fcl\u00fc kayd\u0131n\u0131 izinsiz olarak almayaca\u011f\u0131n\u0131 kabul, beyan ve taahh\u00fct etmi\u015f say\u0131l\u0131r.<\/strong><\/p>\n<p>&nbsp;<\/p>\n<h3 style=\"text-align: center;\"><strong>ONLINE AVUKAT DANI\u015eMA FORMU &#8211; DETAYLI B\u0130LG\u0130 VE RANDEVU \u0130\u00c7\u0130N<\/strong><\/h3>\n<p>[\/vc_column_text][vc_empty_space height=&#8221;16px&#8221;][vc_btn title=&#8221;ONLINE DANI\u015eMANLIK&#8221; style=&#8221;gradient&#8221; size=&#8221;lg&#8221; align=&#8221;center&#8221; link=&#8221;url:https%3A%2F%2Fapi.whatsapp.com%2Fsend%2F%3Fphone%3D905323893834%26text%26app_absent%3D0&#8243;]<div class=\"wpforms-container wpforms-container-full\" id=\"wpforms-904\"><form id=\"wpforms-form-904\" class=\"wpforms-validate wpforms-form wpforms-ajax-form\" data-formid=\"904\" method=\"post\" enctype=\"multipart\/form-data\" action=\"\/index.php?rest_route=%2Fwp%2Fv2%2Fpages%2F1118\" data-token=\"eb6a17ab808a5408817f9d6204727c8d\" data-token-time=\"1776516835\"><noscript class=\"wpforms-error-noscript\">Bu formu bitirebilmek i\u00e7in taray\u0131c\u0131n\u0131zda JavaScript&#039;i etkinle\u015ftirin.<\/noscript><div class=\"wpforms-field-container\"><div id=\"wpforms-904-field_0-container\" class=\"wpforms-field wpforms-field-name\" data-field-id=\"0\"><label class=\"wpforms-field-label\" for=\"wpforms-904-field_0\">Ad\u0131n\u0131z\/Soyad\u0131n\u0131z <span class=\"wpforms-required-label\">*<\/span><\/label><div class=\"wpforms-field-row wpforms-field-large\"><div class=\"wpforms-field-row-block wpforms-first wpforms-one-half\"><input type=\"text\" id=\"wpforms-904-field_0\" class=\"wpforms-field-name-first wpforms-field-required\" name=\"wpforms[fields][0][first]\" required><label for=\"wpforms-904-field_0\" class=\"wpforms-field-sublabel after wpforms-sublabel-hide\">Ad<\/label><\/div><div class=\"wpforms-field-row-block wpforms-one-half\"><input type=\"text\" id=\"wpforms-904-field_0-last\" class=\"wpforms-field-name-last wpforms-field-required\" name=\"wpforms[fields][0][last]\" required><label for=\"wpforms-904-field_0-last\" class=\"wpforms-field-sublabel after wpforms-sublabel-hide\">Soyad<\/label><\/div><\/div><\/div><div id=\"wpforms-904-field_3-container\" class=\"wpforms-field wpforms-field-text\" data-field-id=\"3\"><label class=\"wpforms-field-label\" for=\"wpforms-904-field_3\">Telefon Numaran\u0131z <span class=\"wpforms-required-label\">*<\/span><\/label><input type=\"text\" id=\"wpforms-904-field_3\" class=\"wpforms-field-large wpforms-field-required\" name=\"wpforms[fields][3]\" required><\/div><div id=\"wpforms-904-field_1-container\" class=\"wpforms-field wpforms-field-email\" data-field-id=\"1\"><label class=\"wpforms-field-label\" for=\"wpforms-904-field_1\">E-posta Adresiniz <span class=\"wpforms-required-label\">*<\/span><\/label><input type=\"email\" id=\"wpforms-904-field_1\" class=\"wpforms-field-large wpforms-field-required\" name=\"wpforms[fields][1]\" spellcheck=\"false\" required><\/div><div id=\"wpforms-904-field_2-container\" class=\"wpforms-field wpforms-field-textarea\" data-field-id=\"2\"><label class=\"wpforms-field-label\" for=\"wpforms-904-field_2\">Mesaj\u0131n\u0131z <span class=\"wpforms-required-label\">*<\/span><\/label><textarea id=\"wpforms-904-field_2\" class=\"wpforms-field-medium wpforms-field-required\" name=\"wpforms[fields][2]\" required><\/textarea><\/div><\/div><!-- .wpforms-field-container --><div class=\"wpforms-submit-container\" ><input type=\"hidden\" name=\"wpforms[id]\" value=\"904\"><input type=\"hidden\" name=\"page_title\" value=\"\"><input type=\"hidden\" name=\"page_url\" value=\"https:\/\/www.mghhukuk.com\/index.php?rest_route=\/wp\/v2\/pages\/1118\"><input type=\"hidden\" name=\"url_referer\" value=\"\"><button type=\"submit\" name=\"wpforms[submit]\" id=\"wpforms-submit-904\" class=\"wpforms-submit\" data-alt-text=\"G\u00f6nderiliyor...\" data-submit-text=\"G\u00f6nder\" aria-live=\"assertive\" value=\"wpforms-submit\">G\u00f6nder<\/button><img loading=\"lazy\" decoding=\"async\" src=\"https:\/\/www.mghhukuk.com\/wp-content\/plugins\/wpforms-lite\/assets\/images\/submit-spin.svg\" class=\"wpforms-submit-spinner\" style=\"display: none;\" width=\"26\" height=\"26\" alt=\"Y\u00fckleniyor\"><\/div><\/form><\/div>  <!-- .wpforms-container -->[vc_empty_space][\/vc_column][\/vc_row]<\/p>\n","protected":false},"excerpt":{"rendered":"<p>[vc_row full_width=&#8221;stretch_row&#8221; content_placement=&#8221;middle&#8221; css=&#8221;.vc_custom_1654201106875{background: #e8e8ea url(https:\/\/www.mghhukuk.com\/wp-content\/uploads\/2022\/06\/image-30.jpg?id=1154) !important;background-position: center !important;background-repeat: no-repeat !important;background-size: cover !important;}&#8221;][vc_column][vc_empty_space height=&#8221;120px&#8221;][vc_custom_heading text=&#8221;ONLINE DANI\u015eMANLIK&#8221; font_container=&#8221;tag:div|font_size:40|text_align:center|color:%23ffffff&#8221; use_theme_fonts=&#8221;yes&#8221;][vc_row_inner][vc_column_inner width=&#8221;1\/5&#8243;][\/vc_column_inner][vc_column_inner width=&#8221;1\/5&#8243;][\/vc_column_inner][vc_column_inner width=&#8221;1\/5&#8243;][vc_separator color=&#8221;custom&#8221; border_width=&#8221;4&#8243; accent_color=&#8221;#ffffff&#8221;][vc_empty_space height=&#8221;120px&#8221;][\/vc_column_inner][vc_column_inner width=&#8221;1\/5&#8243;][\/vc_column_inner][vc_column_inner width=&#8221;1\/5&#8243;][\/vc_column_inner][\/vc_row_inner][\/vc_column][\/vc_row][vc_row full_width=&#8221;stretch_row&#8221; css=&#8221;.vc_custom_1654203085446{background-color: #e8e8ea !important;}&#8221;][vc_column][vc_empty_space height=&#8221;64px&#8221;][vc_column_text] ONLINE HUKUK\u0130 DANI\u015eMANLIK \/ G\u00d6R\u00dcNT\u00dcL\u00dc HUKUK\u0130 DANI\u015eMANLIK NED\u0130R&#8230;<\/p>\n","protected":false},"author":1,"featured_media":0,"parent":0,"menu_order":0,"comment_status":"closed","ping_status":"closed","template":"","meta":{"footnotes":""},"class_list":["post-1118","page","type-page","status-publish","hentry"],"_links":{"self":[{"href":"https:\/\/www.mghhukuk.com\/index.php?rest_route=\/wp\/v2\/pages\/1118","targetHints":{"allow":["GET"]}}],"collection":[{"href":"https:\/\/www.mghhukuk.com\/index.php?rest_route=\/wp\/v2\/pages"}],"about":[{"href":"https:\/\/www.mghhukuk.com\/index.php?rest_route=\/wp\/v2\/types\/page"}],"author":[{"embeddable":true,"href":"https:\/\/www.mghhukuk.com\/index.php?rest_route=\/wp\/v2\/users\/1"}],"replies":[{"embeddable":true,"href":"https:\/\/www.mghhukuk.com\/index.php?rest_route=%2Fwp%2Fv2%2Fcomments&post=1118"}],"version-history":[{"count":14,"href":"https:\/\/www.mghhukuk.com\/index.php?rest_route=\/wp\/v2\/pages\/1118\/revisions"}],"predecessor-version":[{"id":1243,"href":"https:\/\/www.mghhukuk.com\/index.php?rest_route=\/wp\/v2\/pages\/1118\/revisions\/1243"}],"wp:attachment":[{"href":"https:\/\/www.mghhukuk.com\/index.php?rest_route=%2Fwp%2Fv2%2Fmedia&parent=1118"}],"curies":[{"name":"wp","href":"https:\/\/api.w.org\/{rel}","templated":true}]}}