{"id":1130,"date":"2022-06-02T22:45:07","date_gmt":"2022-06-02T19:45:07","guid":{"rendered":"https:\/\/www.mghhukuk.com\/?page_id=1130"},"modified":"2022-06-03T15:49:41","modified_gmt":"2022-06-03T12:49:41","slug":"sigorta-hukuku","status":"publish","type":"page","link":"https:\/\/www.mghhukuk.com\/?page_id=1130","title":{"rendered":"S\u0130GORTA HUKUKU"},"content":{"rendered":"<p>[vc_row full_width=&#8221;stretch_row&#8221; content_placement=&#8221;middle&#8221; css=&#8221;.vc_custom_1654199878936{background: #e8e8ea url(https:\/\/www.mghhukuk.com\/wp-content\/uploads\/2022\/06\/image-27.jpg?id=1144) !important;background-position: center !important;background-repeat: no-repeat !important;background-size: cover !important;}&#8221;][vc_column][vc_empty_space height=&#8221;120px&#8221;][vc_custom_heading text=&#8221;S\u0130GORTA HUKUKU&#8221; font_container=&#8221;tag:div|font_size:40|text_align:center|color:%23ffffff&#8221; google_fonts=&#8221;font_family:Comfortaa%3A300%2Cregular%2C700|font_style:400%20regular%3A400%3Anormal&#8221;][vc_row_inner][vc_column_inner width=&#8221;1\/5&#8243;][\/vc_column_inner][vc_column_inner width=&#8221;1\/5&#8243;][\/vc_column_inner][vc_column_inner width=&#8221;1\/5&#8243;][vc_separator color=&#8221;custom&#8221; border_width=&#8221;4&#8243; accent_color=&#8221;#cbcbcb&#8221;][vc_empty_space height=&#8221;120px&#8221;][\/vc_column_inner][vc_column_inner width=&#8221;1\/5&#8243;][\/vc_column_inner][vc_column_inner width=&#8221;1\/5&#8243;][\/vc_column_inner][\/vc_row_inner][\/vc_column][\/vc_row][vc_row full_width=&#8221;stretch_row&#8221; css=&#8221;.vc_custom_1645986559930{background-color: #e8e8ea !important;}&#8221;][vc_column][vc_empty_space height=&#8221;64px&#8221;][vc_custom_heading text=&#8221;Sigorta ili\u015fkisini, sigortac\u0131l\u0131kla me\u015fgul olan i\u015fletmelerin \u00e7al\u0131\u015fmalar\u0131n\u0131 ve faaliyetlerini d\u00fczenleyen hukuk kurallar\u0131n\u0131n b\u00fct\u00fcn\u00fcne sigorta hukuku deniyor.<\/p>\n<p>Daha a\u00e7\u0131klay\u0131c\u0131 bir bi\u00e7imde bakarsak; sigortac\u0131l\u0131k faaliyetlerini aktif bir \u015fekilde s\u00fcrd\u00fcren i\u015fletmelerin nas\u0131l bir s\u00fcreci takip etmeleri gerekti\u011fini ve g\u00f6sterdikleri faaliyetlerde hangi hususlara dikkat etmeleri gerekti\u011fini, \u00f6zetle bu i\u015fletmelerin \u00e7al\u0131\u015fmalar\u0131n\u0131 denetleyen ve d\u00fczenleyen hukuk birimine sigorta hukuku ad\u0131 veriliyor. Sigorta hukukunu iki b\u00f6l\u00fcmde incelemek m\u00fcmk\u00fcn. Hususi sigorta, ki\u015fiye \u00f6zel \u00e7al\u0131\u015fmalar\u0131 kapsayan alt birim olarak kabul edilirken, sosyal sigorta ise topluluklar\u0131n sosyal g\u00fcvenceleri ile ilgileniyor.&#8221; font_container=&#8221;tag:div|font_size:18|text_align:left&#8221; use_theme_fonts=&#8221;yes&#8221;][\/vc_column][\/vc_row][vc_row full_width=&#8221;stretch_row&#8221; css=&#8221;.vc_custom_1645980085872{background-color: #e8e8ea !important;}&#8221;][vc_column][vc_empty_space height=&#8221;64px&#8221;][\/vc_column][\/vc_row]<\/p>\n","protected":false},"excerpt":{"rendered":"<p>[vc_row full_width=&#8221;stretch_row&#8221; content_placement=&#8221;middle&#8221; css=&#8221;.vc_custom_1654199878936{background: #e8e8ea url(https:\/\/www.mghhukuk.com\/wp-content\/uploads\/2022\/06\/image-27.jpg?id=1144) !important;background-position: center !important;background-repeat: no-repeat !important;background-size: cover !important;}&#8221;][vc_column][vc_empty_space height=&#8221;120px&#8221;][vc_custom_heading text=&#8221;S\u0130GORTA HUKUKU&#8221; font_container=&#8221;tag:div|font_size:40|text_align:center|color:%23ffffff&#8221; google_fonts=&#8221;font_family:Comfortaa%3A300%2Cregular%2C700|font_style:400%20regular%3A400%3Anormal&#8221;][vc_row_inner][vc_column_inner width=&#8221;1\/5&#8243;][\/vc_column_inner][vc_column_inner width=&#8221;1\/5&#8243;][\/vc_column_inner][vc_column_inner width=&#8221;1\/5&#8243;][vc_separator color=&#8221;custom&#8221; border_width=&#8221;4&#8243; accent_color=&#8221;#cbcbcb&#8221;][vc_empty_space height=&#8221;120px&#8221;][\/vc_column_inner][vc_column_inner width=&#8221;1\/5&#8243;][\/vc_column_inner][vc_column_inner width=&#8221;1\/5&#8243;][\/vc_column_inner][\/vc_row_inner][\/vc_column][\/vc_row][vc_row full_width=&#8221;stretch_row&#8221; css=&#8221;.vc_custom_1645986559930{background-color: #e8e8ea !important;}&#8221;][vc_column][vc_empty_space height=&#8221;64px&#8221;][vc_custom_heading text=&#8221;Sigorta ili\u015fkisini, sigortac\u0131l\u0131kla me\u015fgul olan i\u015fletmelerin \u00e7al\u0131\u015fmalar\u0131n\u0131 ve&#8230;<\/p>\n","protected":false},"author":1,"featured_media":0,"parent":0,"menu_order":0,"comment_status":"closed","ping_status":"closed","template":"","meta":{"footnotes":""},"class_list":["post-1130","page","type-page","status-publish","hentry"],"_links":{"self":[{"href":"https:\/\/www.mghhukuk.com\/index.php?rest_route=\/wp\/v2\/pages\/1130","targetHints":{"allow":["GET"]}}],"collection":[{"href":"https:\/\/www.mghhukuk.com\/index.php?rest_route=\/wp\/v2\/pages"}],"about":[{"href":"https:\/\/www.mghhukuk.com\/index.php?rest_route=\/wp\/v2\/types\/page"}],"author":[{"embeddable":true,"href":"https:\/\/www.mghhukuk.com\/index.php?rest_route=\/wp\/v2\/users\/1"}],"replies":[{"embeddable":true,"href":"https:\/\/www.mghhukuk.com\/index.php?rest_route=%2Fwp%2Fv2%2Fcomments&post=1130"}],"version-history":[{"count":5,"href":"https:\/\/www.mghhukuk.com\/index.php?rest_route=\/wp\/v2\/pages\/1130\/revisions"}],"predecessor-version":[{"id":1203,"href":"https:\/\/www.mghhukuk.com\/index.php?rest_route=\/wp\/v2\/pages\/1130\/revisions\/1203"}],"wp:attachment":[{"href":"https:\/\/www.mghhukuk.com\/index.php?rest_route=%2Fwp%2Fv2%2Fmedia&parent=1130"}],"curies":[{"name":"wp","href":"https:\/\/api.w.org\/{rel}","templated":true}]}}