{"id":1133,"date":"2022-06-02T22:45:07","date_gmt":"2022-06-02T19:45:07","guid":{"rendered":"https:\/\/www.mghhukuk.com\/?page_id=1133"},"modified":"2022-06-03T15:50:09","modified_gmt":"2022-06-03T12:50:09","slug":"yabancilar-ve-vatandaslik-hukuku","status":"publish","type":"page","link":"https:\/\/www.mghhukuk.com\/?page_id=1133","title":{"rendered":"YABANCILAR VE VATANDA\u015eLIK HUKUKU"},"content":{"rendered":"<p>[vc_row full_width=&#8221;stretch_row&#8221; content_placement=&#8221;middle&#8221; css=&#8221;.vc_custom_1654200202947{background: #e8e8ea url(https:\/\/www.mghhukuk.com\/wp-content\/uploads\/2022\/06\/image-29.jpg?id=1148) !important;background-position: center !important;background-repeat: no-repeat !important;background-size: cover !important;}&#8221;][vc_column][vc_empty_space height=&#8221;120px&#8221;][vc_custom_heading text=&#8221;YABANCILAR VE VATANDA\u015eLIK HUKUKU&#8221; font_container=&#8221;tag:div|font_size:40|text_align:center|color:%23ffffff&#8221; google_fonts=&#8221;font_family:Comfortaa%3A300%2Cregular%2C700|font_style:400%20regular%3A400%3Anormal&#8221;][vc_row_inner][vc_column_inner width=&#8221;1\/5&#8243;][\/vc_column_inner][vc_column_inner width=&#8221;1\/5&#8243;][\/vc_column_inner][vc_column_inner width=&#8221;1\/5&#8243;][vc_separator color=&#8221;custom&#8221; border_width=&#8221;4&#8243; accent_color=&#8221;#cbcbcb&#8221;][vc_empty_space height=&#8221;120px&#8221;][\/vc_column_inner][vc_column_inner width=&#8221;1\/5&#8243;][\/vc_column_inner][vc_column_inner width=&#8221;1\/5&#8243;][\/vc_column_inner][\/vc_row_inner][\/vc_column][\/vc_row][vc_row full_width=&#8221;stretch_row&#8221; css=&#8221;.vc_custom_1645986559930{background-color: #e8e8ea !important;}&#8221;][vc_column][vc_empty_space height=&#8221;64px&#8221;][vc_custom_heading text=&#8221;\u00dclkede bulunan yabanc\u0131lar\u0131n o \u00fclkedeki hak ve \u00f6zg\u00fcrl\u00fcklerin hangilerinden yararlan\u0131p hangilerinden yararlanamayaca\u011f\u0131n\u0131 d\u00fczenleyen maddi hukuk kurallar\u0131ndan olu\u015fan bu hukuk dal\u0131nda geni\u015f bir yelpazede hizmet sunmaktay\u0131z.<\/p>\n<p>Uzman ekibimiz ile Yabanc\u0131lar ve Vatanda\u015fl\u0131k Hukuku alan\u0131nda sundu\u011fumuz hizmetlerden baz\u0131lar\u0131;<\/p>\n<p>Yabanc\u0131lar\u0131n T\u00fcrkiye&#8217;de \u00c7al\u0131\u015fma \u0130zinlerinin Al\u0131nmas\u0131<br \/>\nYabanc\u0131lar\u0131n T\u00fcrkiye&#8217;de Gayrimenkul Al\u0131m Sat\u0131m ve Kiralama \u0130\u015flemlerinin Yap\u0131lmas\u0131<br \/>\nYabanc\u0131lar\u0131n T\u00fcrkiye&#8217;de \u0130kamet \u0130zinleri ve \u0130zinlerinin Uzat\u0131lmas\u0131 Ba\u015fvurular\u0131n\u0131n Yap\u0131lmas\u0131, Takibi ve Sonu\u00e7land\u0131r\u0131lmas\u0131<br \/>\nYabanc\u0131lar\u0131n Miras Hukukuna \u0130li\u015fkin \u0130\u015flemlerinin Yap\u0131lmas\u0131<br \/>\nYabanc\u0131lar\u0131n T\u00fcrk Vatanda\u015fl\u0131\u011f\u0131na Ge\u00e7me \u0130\u015flemleri&#8221; font_container=&#8221;tag:div|font_size:18|text_align:left&#8221; use_theme_fonts=&#8221;yes&#8221;][\/vc_column][\/vc_row][vc_row full_width=&#8221;stretch_row&#8221; css=&#8221;.vc_custom_1645980085872{background-color: #e8e8ea !important;}&#8221;][vc_column][vc_empty_space height=&#8221;64px&#8221;][\/vc_column][\/vc_row]<\/p>\n","protected":false},"excerpt":{"rendered":"<p>[vc_row full_width=&#8221;stretch_row&#8221; content_placement=&#8221;middle&#8221; css=&#8221;.vc_custom_1654200202947{background: #e8e8ea url(https:\/\/www.mghhukuk.com\/wp-content\/uploads\/2022\/06\/image-29.jpg?id=1148) !important;background-position: center !important;background-repeat: no-repeat !important;background-size: cover !important;}&#8221;][vc_column][vc_empty_space height=&#8221;120px&#8221;][vc_custom_heading text=&#8221;YABANCILAR VE VATANDA\u015eLIK HUKUKU&#8221; font_container=&#8221;tag:div|font_size:40|text_align:center|color:%23ffffff&#8221; google_fonts=&#8221;font_family:Comfortaa%3A300%2Cregular%2C700|font_style:400%20regular%3A400%3Anormal&#8221;][vc_row_inner][vc_column_inner width=&#8221;1\/5&#8243;][\/vc_column_inner][vc_column_inner width=&#8221;1\/5&#8243;][\/vc_column_inner][vc_column_inner width=&#8221;1\/5&#8243;][vc_separator color=&#8221;custom&#8221; border_width=&#8221;4&#8243; accent_color=&#8221;#cbcbcb&#8221;][vc_empty_space height=&#8221;120px&#8221;][\/vc_column_inner][vc_column_inner width=&#8221;1\/5&#8243;][\/vc_column_inner][vc_column_inner width=&#8221;1\/5&#8243;][\/vc_column_inner][\/vc_row_inner][\/vc_column][\/vc_row][vc_row full_width=&#8221;stretch_row&#8221; css=&#8221;.vc_custom_1645986559930{background-color: #e8e8ea !important;}&#8221;][vc_column][vc_empty_space height=&#8221;64px&#8221;][vc_custom_heading text=&#8221;\u00dclkede bulunan yabanc\u0131lar\u0131n o \u00fclkedeki hak&#8230;<\/p>\n","protected":false},"author":1,"featured_media":0,"parent":0,"menu_order":0,"comment_status":"closed","ping_status":"closed","template":"","meta":{"footnotes":""},"class_list":["post-1133","page","type-page","status-publish","hentry"],"_links":{"self":[{"href":"https:\/\/www.mghhukuk.com\/index.php?rest_route=\/wp\/v2\/pages\/1133","targetHints":{"allow":["GET"]}}],"collection":[{"href":"https:\/\/www.mghhukuk.com\/index.php?rest_route=\/wp\/v2\/pages"}],"about":[{"href":"https:\/\/www.mghhukuk.com\/index.php?rest_route=\/wp\/v2\/types\/page"}],"author":[{"embeddable":true,"href":"https:\/\/www.mghhukuk.com\/index.php?rest_route=\/wp\/v2\/users\/1"}],"replies":[{"embeddable":true,"href":"https:\/\/www.mghhukuk.com\/index.php?rest_route=%2Fwp%2Fv2%2Fcomments&post=1133"}],"version-history":[{"count":4,"href":"https:\/\/www.mghhukuk.com\/index.php?rest_route=\/wp\/v2\/pages\/1133\/revisions"}],"predecessor-version":[{"id":1205,"href":"https:\/\/www.mghhukuk.com\/index.php?rest_route=\/wp\/v2\/pages\/1133\/revisions\/1205"}],"wp:attachment":[{"href":"https:\/\/www.mghhukuk.com\/index.php?rest_route=%2Fwp%2Fv2%2Fmedia&parent=1133"}],"curies":[{"name":"wp","href":"https:\/\/api.w.org\/{rel}","templated":true}]}}