{"id":5,"date":"2014-11-11T11:09:47","date_gmt":"2014-11-11T11:09:47","guid":{"rendered":"http:\/\/anpsthemes.com\/constructo\/?page_id=5"},"modified":"2022-06-08T14:18:14","modified_gmt":"2022-06-08T11:18:14","slug":"home","status":"publish","type":"page","link":"https:\/\/www.mghhukuk.com\/","title":{"rendered":"Home"},"content":{"rendered":"<p>[vc_row has_content=&#8221;true&#8221;][vc_column][rev_slider_vc alias=&#8221;main-slider&#8221;][\/vc_column][\/vc_row][vc_row full_width=&#8221;stretch_row&#8221; css=&#8221;.vc_custom_1646053102600{background-color: #e8e8ea !important;}&#8221;][vc_column][vc_empty_space height=&#8221;64px&#8221;][vc_custom_heading text=&#8221;Hakk\u0131m\u0131zda&#8221; font_container=&#8221;tag:div|font_size:40|text_align:center&#8221; use_theme_fonts=&#8221;yes&#8221;][vc_row_inner][vc_column_inner width=&#8221;1\/5&#8243;][\/vc_column_inner][vc_column_inner width=&#8221;1\/5&#8243;][\/vc_column_inner][vc_column_inner width=&#8221;1\/5&#8243;][vc_separator color=&#8221;custom&#8221; border_width=&#8221;4&#8243; accent_color=&#8221;#201154&#8243;][vc_empty_space height=&#8221;48px&#8221;][\/vc_column_inner][vc_column_inner width=&#8221;1\/5&#8243;][\/vc_column_inner][vc_column_inner width=&#8221;1\/5&#8243;][\/vc_column_inner][\/vc_row_inner][vc_custom_heading text=&#8221;MGH Hukuk B\u00fcrosu, Avukat Musa Girayhan \u00d6zt\u00fcrk taraf\u0131ndan kurulan \u0130stanbul merkezli bir avukatl\u0131k b\u00fcrosu olup, yerli ve yabanc\u0131 kurumsal m\u00fcvekkillerine T\u00fcrkiye\u2019de y\u00fcr\u00fctt\u00fckleri faaliyet alanlar\u0131nda nitelikli ve kapsaml\u0131 hukuki dan\u0131\u015fmanl\u0131k ve avukatl\u0131k hizmeti sunmaktad\u0131r.<\/p>\n<p>Misyonumuz, butik hizmet kalitesi prensibimiz ile her g\u00fcn de\u011fi\u015fen ve artan hukuki ihtiya\u00e7lar kapsam\u0131nda, s\u00fcrekli geli\u015ftirilen kaliteli hukuk hizmetlerimiz ve \u00e7\u00f6z\u00fcm odakl\u0131 yakla\u015f\u0131m\u0131m\u0131z arac\u0131l\u0131\u011f\u0131yla m\u00fcvekkillerimizin ihtiya\u00e7lar\u0131na ve taleplerine y\u00f6nelik \u00f6zel hukuki dan\u0131\u015fmanl\u0131k ve avukatl\u0131k hizmeti sunmakt\u0131r. B\u00f6ylece sadece var olan sorunlara \u00e7\u00f6z\u00fcm \u00fcretmek haricinde, sorunlar\u0131 ortaya \u00e7\u0131kmadan engellemeyi de ama\u00e7lamaktay\u0131z.<\/p>\n<p>B\u00fcromuzda ba\u015fta Ceza Hukuku, \u0130\u015f ve Sosyal G\u00fcvenlik Hukuku, Ticaret ve \u015eirketler Hukuku, Yabanc\u0131lar ve Vatanda\u015fl\u0131k Hukuku, Bili\u015fim Hukuku, Sigorta Hukuku, Aile ve Miras Hukuku, Ki\u015fisel Verilerin Korunmas\u0131 ve T\u00fcketici Hukuku olmak \u00fczere hukukun bir\u00e7ok alan\u0131nda avukatl\u0131k ve dan\u0131\u015fmanl\u0131k hizmeti vermekteyiz.&#8221; font_container=&#8221;tag:div|font_size:18|text_align:center&#8221; use_theme_fonts=&#8221;yes&#8221;][\/vc_column][\/vc_row][vc_row full_width=&#8221;stretch_row&#8221; css=&#8221;.vc_custom_1646056042898{background-color: #e8e8ea !important;}&#8221;][vc_column][vc_empty_space height=&#8221;64px&#8221;][vc_custom_heading text=&#8221;Faaliyet Alanlar\u0131m\u0131z&#8221; font_container=&#8221;tag:div|font_size:40|text_align:center&#8221; use_theme_fonts=&#8221;yes&#8221;][vc_row_inner][vc_column_inner width=&#8221;1\/5&#8243;][\/vc_column_inner][vc_column_inner width=&#8221;1\/5&#8243;][\/vc_column_inner][vc_column_inner width=&#8221;1\/5&#8243;][vc_separator color=&#8221;custom&#8221; border_width=&#8221;4&#8243; accent_color=&#8221;#201154&#8243;][vc_empty_space height=&#8221;64px&#8221;][\/vc_column_inner][vc_column_inner width=&#8221;1\/5&#8243;][\/vc_column_inner][vc_column_inner width=&#8221;1\/5&#8243;][\/vc_column_inner][\/vc_row_inner][vc_row_inner][vc_column_inner width=&#8221;1\/3&#8243;][vc_column_text]<\/p>\n<h3 style=\"text-align: center;\"><a href=\"https:\/\/www.mghhukuk.com\/bilisim-hukuku\/\"><strong>Bili\u015fim Hukuku<\/strong><\/a><\/h3>\n<p>[\/vc_column_text][vc_empty_space height=&#8221;10px&#8221;][vc_single_image image=&#8221;1027&#8243; img_size=&#8221;full&#8221; alignment=&#8221;center&#8221; style=&#8221;vc_box_shadow_border&#8221; onclick=&#8221;custom_link&#8221; link=&#8221;https:\/\/www.mghhukuk.com\/bilisim-hukuku\/&#8221;][\/vc_column_inner][vc_column_inner width=&#8221;1\/3&#8243;][vc_column_text]<\/p>\n<h3 style=\"text-align: center;\"><a href=\"https:\/\/www.mghhukuk.com\/ticaret-hukuku\/\"><strong>Ticaret ve \u015eirketler Hukuku<\/strong><\/a><\/h3>\n<p>[\/vc_column_text][vc_empty_space height=&#8221;10px&#8221;][vc_single_image image=&#8221;1030&#8243; img_size=&#8221;full&#8221; alignment=&#8221;center&#8221; style=&#8221;vc_box_shadow_border&#8221; onclick=&#8221;custom_link&#8221; link=&#8221;https:\/\/www.mghhukuk.com\/ticaret-hukuku\/&#8221;][\/vc_column_inner][vc_column_inner width=&#8221;1\/3&#8243;][vc_column_text]<\/p>\n<h3 style=\"text-align: center;\"><a href=\"https:\/\/www.mghhukuk.com\/icraiflas-hukuku\/\"><strong>\u0130cra&amp;\u0130flas Hukuku<\/strong><\/a><\/h3>\n<p>[\/vc_column_text][vc_empty_space height=&#8221;10px&#8221;][vc_single_image image=&#8221;1040&#8243; img_size=&#8221;full&#8221; alignment=&#8221;center&#8221; style=&#8221;vc_box_shadow_border&#8221; onclick=&#8221;custom_link&#8221; link=&#8221;https:\/\/www.mghhukuk.com\/icraiflas-hukuku\/&#8221;][\/vc_column_inner][\/vc_row_inner][vc_empty_space][vc_row_inner][vc_column_inner width=&#8221;1\/3&#8243;][vc_column_text]<\/p>\n<h3 style=\"text-align: center;\"><a href=\"https:\/\/www.mghhukuk.com\/?page_id=1133\"><strong>Yabanc\u0131lar ve Vatanda\u015fl\u0131k Hukuku<\/strong><\/a><\/h3>\n<p>[\/vc_column_text][vc_empty_space height=&#8221;10px&#8221;][vc_single_image image=&#8221;1220&#8243; img_size=&#8221;full&#8221; alignment=&#8221;center&#8221; style=&#8221;vc_box_shadow_border&#8221; onclick=&#8221;custom_link&#8221; link=&#8221;https:\/\/www.mghhukuk.com\/?page_id=1133&#8243;][\/vc_column_inner][vc_column_inner width=&#8221;1\/3&#8243;][vc_column_text]<\/p>\n<h3 style=\"text-align: center;\"><a href=\"https:\/\/www.mghhukuk.com\/aile-hukuku\/\"><strong>Aile ve Miras Hukuku<\/strong><\/a><\/h3>\n<p>[\/vc_column_text][vc_empty_space height=&#8221;10px&#8221;][vc_single_image image=&#8221;1042&#8243; img_size=&#8221;full&#8221; alignment=&#8221;center&#8221; style=&#8221;vc_box_shadow_border&#8221; onclick=&#8221;custom_link&#8221; link=&#8221;https:\/\/www.mghhukuk.com\/aile-hukuku\/&#8221;][\/vc_column_inner][vc_column_inner width=&#8221;1\/3&#8243;][vc_column_text]<\/p>\n<h3 style=\"text-align: center;\"><a href=\"https:\/\/www.mghhukuk.com\/ceza-hukuku\/\"><strong>Ceza Hukuku<\/strong><\/a><\/h3>\n<p>[\/vc_column_text][vc_empty_space height=&#8221;10px&#8221;][vc_single_image image=&#8221;1043&#8243; img_size=&#8221;full&#8221; alignment=&#8221;center&#8221; style=&#8221;vc_box_shadow_border&#8221; onclick=&#8221;custom_link&#8221; link=&#8221;https:\/\/www.mghhukuk.com\/ceza-hukuku\/&#8221;][\/vc_column_inner][\/vc_row_inner][vc_empty_space height=&#8221;48px&#8221;][vc_btn title=&#8221;T\u00fcm Faaliyetlerimiz&#8221; style=&#8221;outline-custom&#8221; outline_custom_color=&#8221;#201154&#8243; outline_custom_hover_background=&#8221;#87ceeb&#8221; outline_custom_hover_text=&#8221;#ffffff&#8221; size=&#8221;lg&#8221; align=&#8221;center&#8221; link=&#8221;url:http%3A%2F%2Fwww.mghhukuk.com%2Ffaaliyet-alanlarimiz%2F|title:FAAL%C4%B0YET%20ALANLARIMIZ&#8221;][\/vc_column][\/vc_row][vc_row full_width=&#8221;stretch_row&#8221; css=&#8221;.vc_custom_1654686662688{background-color: #e8e8ea !important;}&#8221;][vc_column][vc_empty_space][vc_custom_heading text=&#8221;Online Dan\u0131\u015fmanl\u0131k&#8221; font_container=&#8221;tag:div|font_size:40|text_align:center&#8221; use_theme_fonts=&#8221;yes&#8221;][vc_row_inner][vc_column_inner width=&#8221;1\/5&#8243;][\/vc_column_inner][vc_column_inner width=&#8221;1\/5&#8243;][\/vc_column_inner][vc_column_inner width=&#8221;1\/5&#8243;][vc_separator color=&#8221;custom&#8221; border_width=&#8221;4&#8243; accent_color=&#8221;#201154&#8243;][vc_empty_space][\/vc_column_inner][vc_column_inner width=&#8221;1\/5&#8243;][\/vc_column_inner][vc_column_inner width=&#8221;1\/5&#8243;][\/vc_column_inner][\/vc_row_inner][vc_row_inner content_placement=&#8221;middle&#8221;][vc_column_inner width=&#8221;1\/2&#8243;][vc_column_text]<\/p>\n<p style=\"text-align: center;\">\u201cMGH Hukuk B\u00fcrosu olarak, b\u00fcromuzda hukuki dan\u0131\u015fmanl\u0131k hizmeti vermek ile birlikte \u0130stanbul d\u0131\u015f\u0131nda veya yurt d\u0131\u015f\u0131nda bulunan ya da vakti olmad\u0131\u011f\u0131 i\u00e7in b\u00fcromuza gelemeyen de\u011ferli dan\u0131\u015fanlar\u0131m\u0131z\u0131n ya\u015fad\u0131klar\u0131 veya ak\u0131llar\u0131na tak\u0131lan hukuki sorular ve olaylar hakk\u0131nda \u00e7e\u015fitli sosyal a\u011flar vas\u0131tas\u0131 ile online(\u00e7evrimi\u00e7i) hukuki dan\u0131\u015fmanl\u0131k hizmeti vermekteyiz.\u201d<\/p>\n<p>[\/vc_column_text][\/vc_column_inner][vc_column_inner width=&#8221;1\/2&#8243;][vc_single_image image=&#8221;1254&#8243; img_size=&#8221;full&#8221; alignment=&#8221;center&#8221; style=&#8221;vc_box_outline_circle&#8221;][\/vc_column_inner][\/vc_row_inner][\/vc_column][\/vc_row][vc_row full_width=&#8221;stretch_row&#8221; css=&#8221;.vc_custom_1654261030139{background-color: #e8e8ea !important;}&#8221;][vc_column][vc_empty_space][vc_custom_heading text=&#8221;En Son Yay\u0131nlar&#8221; font_container=&#8221;tag:div|font_size:40|text_align:center&#8221; use_theme_fonts=&#8221;yes&#8221;][vc_row_inner][vc_column_inner width=&#8221;1\/5&#8243;][\/vc_column_inner][vc_column_inner width=&#8221;1\/5&#8243;][\/vc_column_inner][vc_column_inner width=&#8221;1\/5&#8243;][vc_separator color=&#8221;custom&#8221; border_width=&#8221;4&#8243; accent_color=&#8221;#201154&#8243;][vc_empty_space height=&#8221;64px&#8221;][\/vc_column_inner][vc_column_inner width=&#8221;1\/5&#8243;][\/vc_column_inner][vc_column_inner width=&#8221;1\/5&#8243;][\/vc_column_inner][\/vc_row_inner][\/vc_column][\/vc_row][vc_row full_width=&#8221;stretch_row&#8221; css=&#8221;.vc_custom_1646057628095{background-color: #e8e8ea !important;}&#8221;][vc_column][vc_empty_space height=&#8221;120px&#8221;][\/vc_column][\/vc_row][vc_row full_width=&#8221;stretch_row_content&#8221; gap=&#8221;35&#8243; content_placement=&#8221;middle&#8221; css=&#8221;.vc_custom_1646058226557{background-color: #e8e8ea !important;}&#8221;][vc_column][vc_row_inner][vc_column_inner width=&#8221;2\/3&#8243; css=&#8221;.vc_custom_1646058232632{padding-top: 120px !important;padding-right: 120px !important;padding-bottom: 120px !important;padding-left: 120px !important;background-image: url(https:\/\/www.mghhukuk.com\/wp-content\/uploads\/2022\/02\/1-2.jpg?id=1057) !important;background-position: center !important;background-repeat: no-repeat !important;background-size: cover !important;border-radius: 5px !important;}&#8221;][vc_custom_heading text=&#8221;Sorular\u0131n\u0131z\u0131 Ertelemeyin!<br \/>\nHukuki i\u015flemlerle ilgili bilgi almak i\u00e7in m\u00fcvekkilimiz olman\u0131z gerekmez.<br \/>\nAkl\u0131n\u0131za tak\u0131lan sorular\u0131 uzman hukuk ekibimize dan\u0131\u015f\u0131n, kararl\u0131 bir \u015fekilde ilerlemenize yard\u0131mc\u0131 olal\u0131m.&#8221; font_container=&#8221;tag:div|font_size:23|text_align:left|color:%23ffffff&#8221; google_fonts=&#8221;font_family:Comfortaa%3A300%2Cregular%2C700|font_style:400%20regular%3A400%3Anormal&#8221;][vc_empty_space][vc_custom_heading text=&#8221;\u0130leti\u015fim &gt;&gt;&#8221; font_container=&#8221;tag:div|font_size:25|text_align:center|color:%23ffffff&#8221; google_fonts=&#8221;font_family:Comfortaa%3A300%2Cregular%2C700|font_style:400%20regular%3A400%3Anormal&#8221; link=&#8221;url:http%3A%2F%2Fwww.mghhukuk.com%2Filetisim%2F|title:%C4%B0LET%C4%B0%C5%9E%C4%B0M&#8221;][\/vc_column_inner][vc_column_inner width=&#8221;1\/3&#8243;][vc_custom_heading text=&#8221;Bizimle \u0130leti\u015fime Ge\u00e7in&#8221; font_container=&#8221;tag:div|font_size:25|text_align:left|color:%23201154&#8243; google_fonts=&#8221;font_family:Comfortaa%3A300%2Cregular%2C700|font_style:400%20regular%3A400%3Anormal&#8221;][vc_custom_heading text=&#8221;A\u015fa\u011f\u0131daki formu doldurarak bizimle ileti\u015fime ge\u00e7ebilirsiniz.&#8221; font_container=&#8221;tag:div|font_size:18|text_align:left&#8221; google_fonts=&#8221;font_family:Comfortaa%3A300%2Cregular%2C700|font_style:400%20regular%3A400%3Anormal&#8221;]<div class=\"wpforms-container wpforms-container-full\" id=\"wpforms-904\"><form id=\"wpforms-form-904\" class=\"wpforms-validate wpforms-form wpforms-ajax-form\" data-formid=\"904\" method=\"post\" enctype=\"multipart\/form-data\" action=\"\/index.php?rest_route=%2Fwp%2Fv2%2Fpages%2F5\" data-token=\"eb6a17ab808a5408817f9d6204727c8d\" data-token-time=\"1776510626\"><noscript class=\"wpforms-error-noscript\">Bu formu bitirebilmek i\u00e7in taray\u0131c\u0131n\u0131zda JavaScript&#039;i etkinle\u015ftirin.<\/noscript><div class=\"wpforms-field-container\"><div id=\"wpforms-904-field_0-container\" class=\"wpforms-field wpforms-field-name\" data-field-id=\"0\"><label class=\"wpforms-field-label\" for=\"wpforms-904-field_0\">Ad\u0131n\u0131z\/Soyad\u0131n\u0131z <span class=\"wpforms-required-label\">*<\/span><\/label><div class=\"wpforms-field-row wpforms-field-large\"><div class=\"wpforms-field-row-block wpforms-first wpforms-one-half\"><input type=\"text\" id=\"wpforms-904-field_0\" class=\"wpforms-field-name-first wpforms-field-required\" name=\"wpforms[fields][0][first]\" required><label for=\"wpforms-904-field_0\" class=\"wpforms-field-sublabel after wpforms-sublabel-hide\">Ad<\/label><\/div><div class=\"wpforms-field-row-block wpforms-one-half\"><input type=\"text\" id=\"wpforms-904-field_0-last\" class=\"wpforms-field-name-last wpforms-field-required\" name=\"wpforms[fields][0][last]\" required><label for=\"wpforms-904-field_0-last\" class=\"wpforms-field-sublabel after wpforms-sublabel-hide\">Soyad<\/label><\/div><\/div><\/div><div id=\"wpforms-904-field_3-container\" class=\"wpforms-field wpforms-field-text\" data-field-id=\"3\"><label class=\"wpforms-field-label\" for=\"wpforms-904-field_3\">Telefon Numaran\u0131z <span class=\"wpforms-required-label\">*<\/span><\/label><input type=\"text\" id=\"wpforms-904-field_3\" class=\"wpforms-field-large wpforms-field-required\" name=\"wpforms[fields][3]\" required><\/div><div id=\"wpforms-904-field_1-container\" class=\"wpforms-field wpforms-field-email\" data-field-id=\"1\"><label class=\"wpforms-field-label\" for=\"wpforms-904-field_1\">E-posta Adresiniz <span class=\"wpforms-required-label\">*<\/span><\/label><input type=\"email\" id=\"wpforms-904-field_1\" class=\"wpforms-field-large wpforms-field-required\" name=\"wpforms[fields][1]\" spellcheck=\"false\" required><\/div><div id=\"wpforms-904-field_2-container\" class=\"wpforms-field wpforms-field-textarea\" data-field-id=\"2\"><label class=\"wpforms-field-label\" for=\"wpforms-904-field_2\">Mesaj\u0131n\u0131z <span class=\"wpforms-required-label\">*<\/span><\/label><textarea id=\"wpforms-904-field_2\" class=\"wpforms-field-medium wpforms-field-required\" name=\"wpforms[fields][2]\" required><\/textarea><\/div><\/div><!-- .wpforms-field-container --><div class=\"wpforms-submit-container\" ><input type=\"hidden\" name=\"wpforms[id]\" value=\"904\"><input type=\"hidden\" name=\"page_title\" value=\"\"><input type=\"hidden\" name=\"page_url\" value=\"https:\/\/www.mghhukuk.com\/index.php?rest_route=\/wp\/v2\/pages\/5\"><input type=\"hidden\" name=\"url_referer\" value=\"\"><button type=\"submit\" name=\"wpforms[submit]\" id=\"wpforms-submit-904\" class=\"wpforms-submit\" data-alt-text=\"G\u00f6nderiliyor...\" data-submit-text=\"G\u00f6nder\" aria-live=\"assertive\" value=\"wpforms-submit\">G\u00f6nder<\/button><img loading=\"lazy\" decoding=\"async\" src=\"https:\/\/www.mghhukuk.com\/wp-content\/plugins\/wpforms-lite\/assets\/images\/submit-spin.svg\" class=\"wpforms-submit-spinner\" style=\"display: none;\" width=\"26\" height=\"26\" alt=\"Y\u00fckleniyor\"><\/div><\/form><\/div>  <!-- .wpforms-container -->[\/vc_column_inner][\/vc_row_inner][\/vc_column][\/vc_row]<\/p>\n","protected":false},"excerpt":{"rendered":"<p>[vc_row has_content=&#8221;true&#8221;][vc_column][rev_slider_vc alias=&#8221;main-slider&#8221;][\/vc_column][\/vc_row][vc_row full_width=&#8221;stretch_row&#8221; css=&#8221;.vc_custom_1646053102600{background-color: #e8e8ea !important;}&#8221;][vc_column][vc_empty_space height=&#8221;64px&#8221;][vc_custom_heading text=&#8221;Hakk\u0131m\u0131zda&#8221; font_container=&#8221;tag:div|font_size:40|text_align:center&#8221; use_theme_fonts=&#8221;yes&#8221;][vc_row_inner][vc_column_inner width=&#8221;1\/5&#8243;][\/vc_column_inner][vc_column_inner width=&#8221;1\/5&#8243;][\/vc_column_inner][vc_column_inner width=&#8221;1\/5&#8243;][vc_separator color=&#8221;custom&#8221; border_width=&#8221;4&#8243; accent_color=&#8221;#201154&#8243;][vc_empty_space height=&#8221;48px&#8221;][\/vc_column_inner][vc_column_inner width=&#8221;1\/5&#8243;][\/vc_column_inner][vc_column_inner width=&#8221;1\/5&#8243;][\/vc_column_inner][\/vc_row_inner][vc_custom_heading text=&#8221;MGH Hukuk B\u00fcrosu, Avukat Musa Girayhan \u00d6zt\u00fcrk taraf\u0131ndan kurulan \u0130stanbul merkezli bir avukatl\u0131k b\u00fcrosu olup, yerli ve yabanc\u0131 kurumsal m\u00fcvekkillerine&#8230;<\/p>\n","protected":false},"author":1,"featured_media":0,"parent":0,"menu_order":0,"comment_status":"open","ping_status":"open","template":"","meta":{"footnotes":""},"class_list":["post-5","page","type-page","status-publish","hentry"],"_links":{"self":[{"href":"https:\/\/www.mghhukuk.com\/index.php?rest_route=\/wp\/v2\/pages\/5","targetHints":{"allow":["GET"]}}],"collection":[{"href":"https:\/\/www.mghhukuk.com\/index.php?rest_route=\/wp\/v2\/pages"}],"about":[{"href":"https:\/\/www.mghhukuk.com\/index.php?rest_route=\/wp\/v2\/types\/page"}],"author":[{"embeddable":true,"href":"https:\/\/www.mghhukuk.com\/index.php?rest_route=\/wp\/v2\/users\/1"}],"replies":[{"embeddable":true,"href":"https:\/\/www.mghhukuk.com\/index.php?rest_route=%2Fwp%2Fv2%2Fcomments&post=5"}],"version-history":[{"count":72,"href":"https:\/\/www.mghhukuk.com\/index.php?rest_route=\/wp\/v2\/pages\/5\/revisions"}],"predecessor-version":[{"id":1261,"href":"https:\/\/www.mghhukuk.com\/index.php?rest_route=\/wp\/v2\/pages\/5\/revisions\/1261"}],"wp:attachment":[{"href":"https:\/\/www.mghhukuk.com\/index.php?rest_route=%2Fwp%2Fv2%2Fmedia&parent=5"}],"curies":[{"name":"wp","href":"https:\/\/api.w.org\/{rel}","templated":true}]}}