{"id":818,"date":"2022-02-25T20:28:33","date_gmt":"2022-02-25T17:28:33","guid":{"rendered":"https:\/\/www.mghhukuk.com\/?page_id=818"},"modified":"2022-06-08T13:41:03","modified_gmt":"2022-06-08T10:41:03","slug":"hakkimizda","status":"publish","type":"page","link":"https:\/\/www.mghhukuk.com\/?page_id=818","title":{"rendered":"HAKKIMIZDA"},"content":{"rendered":"<p>[vc_row full_width=&#8221;stretch_row&#8221; content_placement=&#8221;middle&#8221; css=&#8221;.vc_custom_1645985311647{background: #e8e8ea url(https:\/\/www.mghhukuk.com\/wp-content\/uploads\/2022\/02\/Fotolia_137673213_M-1-2.jpg?id=928) !important;background-position: center !important;background-repeat: no-repeat !important;background-size: cover !important;}&#8221;][vc_column][vc_empty_space height=&#8221;120px&#8221;][vc_custom_heading text=&#8221;HAKKIMIZDA&#8221; font_container=&#8221;tag:div|font_size:40|text_align:center|color:%23ffffff&#8221; use_theme_fonts=&#8221;yes&#8221;][vc_row_inner][vc_column_inner width=&#8221;1\/5&#8243;][\/vc_column_inner][vc_column_inner width=&#8221;1\/5&#8243;][\/vc_column_inner][vc_column_inner width=&#8221;1\/5&#8243;][vc_separator color=&#8221;custom&#8221; border_width=&#8221;4&#8243; accent_color=&#8221;#cbcbcb&#8221;][vc_empty_space height=&#8221;120px&#8221;][\/vc_column_inner][vc_column_inner width=&#8221;1\/5&#8243;][\/vc_column_inner][vc_column_inner width=&#8221;1\/5&#8243;][\/vc_column_inner][\/vc_row_inner][\/vc_column][\/vc_row][vc_row full_width=&#8221;stretch_row&#8221; css=&#8221;.vc_custom_1645980085872{background-color: #e8e8ea !important;}&#8221;][vc_column][vc_empty_space height=&#8221;64px&#8221;][\/vc_column][\/vc_row][vc_row full_width=&#8221;stretch_row&#8221; css=&#8221;.vc_custom_1654203021911{background-color: #e8e8ea !important;}&#8221;][vc_column][vc_column_text]<\/p>\n<p style=\"text-align: center;\">MGH Hukuk B\u00fcrosu, Avukat Musa Girayhan \u00d6zt\u00fcrk taraf\u0131ndan kurulan \u0130stanbul merkezli bir avukatl\u0131k b\u00fcrosu olup, yerli ve yabanc\u0131 kurumsal m\u00fcvekkillerine T\u00fcrkiye\u2019de y\u00fcr\u00fctt\u00fckleri faaliyet alanlar\u0131nda nitelikli ve kapsaml\u0131 hukuki dan\u0131\u015fmanl\u0131k ve avukatl\u0131k hizmeti sunmaktad\u0131r.<\/p>\n<p style=\"text-align: center;\">Misyonumuz, butik hizmet kalitesi prensibimiz ile her g\u00fcn de\u011fi\u015fen ve artan hukuki ihtiya\u00e7lar kapsam\u0131nda, s\u00fcrekli geli\u015ftirilen kaliteli hukuk hizmetlerimiz ve \u00e7\u00f6z\u00fcm odakl\u0131 yakla\u015f\u0131m\u0131m\u0131z arac\u0131l\u0131\u011f\u0131yla m\u00fcvekkillerimizin ihtiya\u00e7lar\u0131na ve taleplerine y\u00f6nelik \u00f6zel hukuki dan\u0131\u015fmanl\u0131k ve avukatl\u0131k hizmeti sunmakt\u0131r. B\u00f6ylece sadece var olan sorunlara \u00e7\u00f6z\u00fcm \u00fcretmek haricinde, sorunlar\u0131 ortaya \u00e7\u0131kmadan engellemeyi de ama\u00e7lamaktay\u0131z.<\/p>\n<p style=\"text-align: center;\">B\u00fcromuzda <em>ba\u015fta Ceza Hukuku, \u0130\u015f ve Sosyal G\u00fcvenlik Hukuku, Ticaret ve \u015eirketler Hukuku, Yabanc\u0131lar ve Vatanda\u015fl\u0131k Hukuku, Bili\u015fim Hukuku, Sigorta Hukuku, Aile ve Miras Hukuku, Ki\u015fisel Verilerin Korunmas\u0131 ve T\u00fcketici Hukuku olmak \u00fczere hukukun bir\u00e7ok alan\u0131nda avukatl\u0131k ve dan\u0131\u015fmanl\u0131k hizmeti vermekteyiz.<\/em><\/p>\n<p style=\"text-align: center;\"><em>MGH Hukuk B\u00fcrosu olarak m\u00fcvekkillerimize, bilgi edinme haklar\u0131 kapsam\u0131nda en h\u0131zl\u0131 ve g\u00fcvenli bir \u015fekilde hukuki s\u00fcre\u00e7 hakk\u0131nda bilgi vermeyi ve m\u00fcvekkillerimizin de\u011fi\u015fen ihtiya\u00e7lar\u0131 do\u011frultusunda, kar\u015f\u0131la\u015ft\u0131klar\u0131 hukuki problemlere hem dava takibi hem de hukuki dan\u0131\u015fmanl\u0131k \u015feklinde etkin, pratik ve ekonomik \u00e7\u00f6z\u00fcm yollar\u0131 ile hizmet vermeyi taahh\u00fct etmekteyiz.<\/em><\/p>\n<p>[\/vc_column_text][vc_empty_space height=&#8221;64px&#8221;][\/vc_column][\/vc_row][vc_row full_width=&#8221;stretch_row&#8221; css=&#8221;.vc_custom_1645986559930{background-color: #e8e8ea !important;}&#8221;][vc_column width=&#8221;1\/2&#8243;][vc_single_image image=&#8221;1121&#8243; img_size=&#8221;full&#8221; alignment=&#8221;center&#8221; style=&#8221;vc_box_shadow_border&#8221;][vc_column_text]<\/p>\n<h3 style=\"text-align: center;\"><strong>Avukat Musa Girayhan \u00d6zt\u00fcrk<\/strong><\/h3>\n<p style=\"text-align: center;\"><strong>Kurucu Avukat<\/strong><\/p>\n<p>[\/vc_column_text][\/vc_column][vc_column width=&#8221;1\/2&#8243;][vc_column_text]<\/p>\n<h3><strong>B\u0130YOGRAF\u0130<\/strong><\/h3>\n<p>\u0130lk ve ortaokul \u00f6\u011frenimini TED Koleji\u2019nde tamamlad\u0131ktan sonra lise \u00f6\u011frenimini Bah\u00e7e\u015fehir Koleji\u2019nde tamamlad\u0131. \u0130stanbul Bilgi \u00dcniversitesi Hukuk Fak\u00fcltesi\u2019ni ba\u015far\u0131 ile bitirdikten sonra \u0130stanbul Barosu b\u00fcnyesinde zorunlu staj\u0131n\u0131 tamamlayarak avukat olarak i\u015f hayat\u0131na ba\u015flad\u0131.<br \/>\n\u0130\u015f hayat\u0131 s\u00fcrecinde a\u011f\u0131rl\u0131kl\u0131 olarak Ceza Hukuku, \u0130\u015f ve Sosyal G\u00fcvenlik Hukuku, Ticaret ve \u015eirketler Hukuku, Bili\u015fim Hukuku ve Aile Hukuku alanlar\u0131nda faaliyet g\u00f6stermi\u015f olup hukukun di\u011fer t\u00fcm alanlar\u0131nda da tecr\u00fcbe ve bilgi edindi. Hukukun \u00e7e\u015fitli alanlar\u0131nda bir\u00e7ok seminer ve e\u011fitime kat\u0131ld\u0131. Bunlar\u0131n yan\u0131 s\u0131ra sosyal sorumluluk projeleri kapsam\u0131nda bir\u00e7ok etkinlikte g\u00f6rev ald\u0131.<\/p>\n<p><strong>UZMANLIK ALANLARI<\/strong><\/p>\n<p>\u2022 Ceza Hukuku<br \/>\n\u2022 \u0130\u015f ve Sosyal G\u00fcvenlik Hukuku<br \/>\n\u2022 Ticaret ve \u015eirketler Hukuku<br \/>\n\u2022 Bili\u015fim Hukuku<br \/>\n\u2022 Aile ve Miras Hukuku[\/vc_column_text][\/vc_column][\/vc_row][vc_row full_width=&#8221;stretch_row&#8221; css=&#8221;.vc_custom_1645980085872{background-color: #e8e8ea !important;}&#8221;][vc_column][vc_empty_space height=&#8221;64px&#8221;][\/vc_column][\/vc_row]<\/p>\n","protected":false},"excerpt":{"rendered":"<p>[vc_row full_width=&#8221;stretch_row&#8221; content_placement=&#8221;middle&#8221; css=&#8221;.vc_custom_1645985311647{background: #e8e8ea url(https:\/\/www.mghhukuk.com\/wp-content\/uploads\/2022\/02\/Fotolia_137673213_M-1-2.jpg?id=928) !important;background-position: center !important;background-repeat: no-repeat !important;background-size: cover !important;}&#8221;][vc_column][vc_empty_space height=&#8221;120px&#8221;][vc_custom_heading text=&#8221;HAKKIMIZDA&#8221; font_container=&#8221;tag:div|font_size:40|text_align:center|color:%23ffffff&#8221; use_theme_fonts=&#8221;yes&#8221;][vc_row_inner][vc_column_inner width=&#8221;1\/5&#8243;][\/vc_column_inner][vc_column_inner width=&#8221;1\/5&#8243;][\/vc_column_inner][vc_column_inner width=&#8221;1\/5&#8243;][vc_separator color=&#8221;custom&#8221; border_width=&#8221;4&#8243; accent_color=&#8221;#cbcbcb&#8221;][vc_empty_space height=&#8221;120px&#8221;][\/vc_column_inner][vc_column_inner width=&#8221;1\/5&#8243;][\/vc_column_inner][vc_column_inner width=&#8221;1\/5&#8243;][\/vc_column_inner][\/vc_row_inner][\/vc_column][\/vc_row][vc_row full_width=&#8221;stretch_row&#8221; css=&#8221;.vc_custom_1645980085872{background-color: #e8e8ea !important;}&#8221;][vc_column][vc_empty_space height=&#8221;64px&#8221;][\/vc_column][\/vc_row][vc_row full_width=&#8221;stretch_row&#8221; css=&#8221;.vc_custom_1654203021911{background-color: #e8e8ea !important;}&#8221;][vc_column][vc_column_text] MGH Hukuk B\u00fcrosu, Avukat Musa&#8230;<\/p>\n","protected":false},"author":1,"featured_media":0,"parent":0,"menu_order":0,"comment_status":"closed","ping_status":"closed","template":"","meta":{"footnotes":""},"class_list":["post-818","page","type-page","status-publish","hentry"],"_links":{"self":[{"href":"https:\/\/www.mghhukuk.com\/index.php?rest_route=\/wp\/v2\/pages\/818","targetHints":{"allow":["GET"]}}],"collection":[{"href":"https:\/\/www.mghhukuk.com\/index.php?rest_route=\/wp\/v2\/pages"}],"about":[{"href":"https:\/\/www.mghhukuk.com\/index.php?rest_route=\/wp\/v2\/types\/page"}],"author":[{"embeddable":true,"href":"https:\/\/www.mghhukuk.com\/index.php?rest_route=\/wp\/v2\/users\/1"}],"replies":[{"embeddable":true,"href":"https:\/\/www.mghhukuk.com\/index.php?rest_route=%2Fwp%2Fv2%2Fcomments&post=818"}],"version-history":[{"count":31,"href":"https:\/\/www.mghhukuk.com\/index.php?rest_route=\/wp\/v2\/pages\/818\/revisions"}],"predecessor-version":[{"id":1242,"href":"https:\/\/www.mghhukuk.com\/index.php?rest_route=\/wp\/v2\/pages\/818\/revisions\/1242"}],"wp:attachment":[{"href":"https:\/\/www.mghhukuk.com\/index.php?rest_route=%2Fwp%2Fv2%2Fmedia&parent=818"}],"curies":[{"name":"wp","href":"https:\/\/api.w.org\/{rel}","templated":true}]}}