{"id":831,"date":"2022-02-26T15:39:42","date_gmt":"2022-02-26T12:39:42","guid":{"rendered":"https:\/\/www.mghhukuk.com\/?page_id=831"},"modified":"2022-06-03T15:26:41","modified_gmt":"2022-06-03T12:26:41","slug":"ticaret-hukuku","status":"publish","type":"page","link":"https:\/\/www.mghhukuk.com\/?page_id=831","title":{"rendered":"T\u0130CARET HUKUKU"},"content":{"rendered":"<p>[vc_row full_width=&#8221;stretch_row&#8221; content_placement=&#8221;middle&#8221; css=&#8221;.vc_custom_1645987499966{background: #e8e8ea url(https:\/\/www.mghhukuk.com\/wp-content\/uploads\/2022\/02\/Fotolia_137673213_M-1-8.jpg?id=953) !important;background-position: center !important;background-repeat: no-repeat !important;background-size: cover !important;}&#8221;][vc_column][vc_empty_space height=&#8221;120px&#8221;][vc_custom_heading text=&#8221;T\u0130CARET ve \u015e\u0130RKETLER HUKUKU&#8221; font_container=&#8221;tag:div|font_size:40|text_align:center|color:%23ffffff&#8221; google_fonts=&#8221;font_family:Comfortaa%3A300%2Cregular%2C700|font_style:400%20regular%3A400%3Anormal&#8221;][vc_row_inner][vc_column_inner width=&#8221;1\/5&#8243;][\/vc_column_inner][vc_column_inner width=&#8221;1\/5&#8243;][\/vc_column_inner][vc_column_inner width=&#8221;1\/5&#8243;][vc_separator color=&#8221;custom&#8221; border_width=&#8221;4&#8243; accent_color=&#8221;#cbcbcb&#8221;][vc_empty_space height=&#8221;120px&#8221;][\/vc_column_inner][vc_column_inner width=&#8221;1\/5&#8243;][\/vc_column_inner][vc_column_inner width=&#8221;1\/5&#8243;][\/vc_column_inner][\/vc_row_inner][\/vc_column][\/vc_row][vc_row full_width=&#8221;stretch_row&#8221; css=&#8221;.vc_custom_1645986559930{background-color: #e8e8ea !important;}&#8221;][vc_column][vc_empty_space height=&#8221;64px&#8221;][vc_custom_heading text=&#8221;Ticaret Hukuku kapsam\u0131nda g\u00f6r\u00fclen ticaret davalar\u0131, Asliye Ticaret Mahkemeleri ve Asliye Hukuk Mahkemelerinde g\u00f6r\u00fclmektedir. Bu kapsamda ticaret hukukunun alanlar\u0131; \u015firketler hukuku, ticari i\u015fletme hukuku, ta\u015f\u0131ma hukuku, k\u0131ymetli evrak hukuku, deniz ticaret hukuku, sermaye piyasas\u0131 hukuku, fikri m\u00fclkiyet hukuku, rekabet hukuku, sigorta hukuku gibi hukuk dallar\u0131d\u0131r.<\/p>\n<p>Yerli ve yabanc\u0131 \u015firketlerin kurulu\u015f, birle\u015fme, infisah, devralma ve t\u00fcr de\u011fi\u015ftirme i\u015flemleri, m\u00fcvekkil \u015firketlerin hukuki sorunlar\u0131n\u0131n de\u011ferlendirilip giderilmesinin yan\u0131nda;<\/p>\n<p>M\u00fcvekkil \u015firketin alacak ve verecek davalar\u0131 ve icra takiplerinin de\u011ferlendirilmesi,<br \/>\nM\u00fcvekkil \u015firketin ticaret ad\u0131 ve unvan\u0131n\u0131n korunmas\u0131 ve unvana kar\u015f\u0131 tecav\u00fcze kar\u015f\u0131 koruma,<br \/>\nGenel kurul toplant\u0131lar\u0131n\u0131n yap\u0131lmas\u0131,<br \/>\nSermaye art\u0131r\u0131m\u0131\/indirimi yap\u0131lmas\u0131,<br \/>\nHaks\u0131z sermaye art\u0131r\u0131m\u0131 nedeniyle ortaklar\u0131n u\u011frad\u0131\u011f\u0131 zararlar\u0131n tazmini,<br \/>\nY\u00f6netim, dan\u0131\u015fmanl\u0131k ve hizmet s\u00f6zle\u015fmeleri,<br \/>\nOrtakl\u0131k s\u00f6zle\u015fmeleri,<br \/>\nDa\u011f\u0131t\u0131m (Payla\u015ft\u0131rma) s\u00f6zle\u015fmeleri,<br \/>\n\u0130\u015f s\u00f6zle\u015fmeleri,<br \/>\nOrtak Te\u015febb\u00fcsler,<br \/>\nSat\u0131m s\u00f6zle\u015fmeleri,<br \/>\nBayilik s\u00f6zle\u015fmeleri,<br \/>\nAriyet s\u00f6zle\u015fmeleri,<br \/>\nAktif M\u00fcbaayas\u0131 (Sat\u0131n alma) s\u00f6zle\u015fmeleri,<br \/>\nAcentelik s\u00f6zle\u015fmeleri,<br \/>\nSigorta s\u00f6zle\u015fmeleri,<br \/>\n\u0130n\u015faat s\u00f6zle\u015fmeleri,<br \/>\nLisans s\u00f6zle\u015fmeleri,<br \/>\nS\u00f6zle\u015fmelerden do\u011fan ihtilac\u0131n ticaret mahkemelerinde \u00e7\u00f6z\u00fcm\u00fc<br \/>\ngibi hususlarda hizmet vermektedir.&#8221; font_container=&#8221;tag:div|font_size:18|text_align:left&#8221; google_fonts=&#8221;font_family:Comfortaa%3A300%2Cregular%2C700|font_style:400%20regular%3A400%3Anormal&#8221;][\/vc_column][\/vc_row][vc_row full_width=&#8221;stretch_row&#8221; css=&#8221;.vc_custom_1645980085872{background-color: #e8e8ea !important;}&#8221;][vc_column][vc_empty_space height=&#8221;64px&#8221;][\/vc_column][\/vc_row]<\/p>\n","protected":false},"excerpt":{"rendered":"<p>[vc_row full_width=&#8221;stretch_row&#8221; content_placement=&#8221;middle&#8221; css=&#8221;.vc_custom_1645987499966{background: #e8e8ea url(https:\/\/www.mghhukuk.com\/wp-content\/uploads\/2022\/02\/Fotolia_137673213_M-1-8.jpg?id=953) !important;background-position: center !important;background-repeat: no-repeat !important;background-size: cover !important;}&#8221;][vc_column][vc_empty_space height=&#8221;120px&#8221;][vc_custom_heading text=&#8221;T\u0130CARET ve \u015e\u0130RKETLER HUKUKU&#8221; font_container=&#8221;tag:div|font_size:40|text_align:center|color:%23ffffff&#8221; google_fonts=&#8221;font_family:Comfortaa%3A300%2Cregular%2C700|font_style:400%20regular%3A400%3Anormal&#8221;][vc_row_inner][vc_column_inner width=&#8221;1\/5&#8243;][\/vc_column_inner][vc_column_inner width=&#8221;1\/5&#8243;][\/vc_column_inner][vc_column_inner width=&#8221;1\/5&#8243;][vc_separator color=&#8221;custom&#8221; border_width=&#8221;4&#8243; accent_color=&#8221;#cbcbcb&#8221;][vc_empty_space height=&#8221;120px&#8221;][\/vc_column_inner][vc_column_inner width=&#8221;1\/5&#8243;][\/vc_column_inner][vc_column_inner width=&#8221;1\/5&#8243;][\/vc_column_inner][\/vc_row_inner][\/vc_column][\/vc_row][vc_row full_width=&#8221;stretch_row&#8221; css=&#8221;.vc_custom_1645986559930{background-color: #e8e8ea !important;}&#8221;][vc_column][vc_empty_space height=&#8221;64px&#8221;][vc_custom_heading text=&#8221;Ticaret Hukuku kapsam\u0131nda g\u00f6r\u00fclen ticaret davalar\u0131,&#8230;<\/p>\n","protected":false},"author":1,"featured_media":0,"parent":0,"menu_order":0,"comment_status":"closed","ping_status":"closed","template":"","meta":{"footnotes":""},"class_list":["post-831","page","type-page","status-publish","hentry"],"_links":{"self":[{"href":"https:\/\/www.mghhukuk.com\/index.php?rest_route=\/wp\/v2\/pages\/831","targetHints":{"allow":["GET"]}}],"collection":[{"href":"https:\/\/www.mghhukuk.com\/index.php?rest_route=\/wp\/v2\/pages"}],"about":[{"href":"https:\/\/www.mghhukuk.com\/index.php?rest_route=\/wp\/v2\/types\/page"}],"author":[{"embeddable":true,"href":"https:\/\/www.mghhukuk.com\/index.php?rest_route=\/wp\/v2\/users\/1"}],"replies":[{"embeddable":true,"href":"https:\/\/www.mghhukuk.com\/index.php?rest_route=%2Fwp%2Fv2%2Fcomments&post=831"}],"version-history":[{"count":6,"href":"https:\/\/www.mghhukuk.com\/index.php?rest_route=\/wp\/v2\/pages\/831\/revisions"}],"predecessor-version":[{"id":1188,"href":"https:\/\/www.mghhukuk.com\/index.php?rest_route=\/wp\/v2\/pages\/831\/revisions\/1188"}],"wp:attachment":[{"href":"https:\/\/www.mghhukuk.com\/index.php?rest_route=%2Fwp%2Fv2%2Fmedia&parent=831"}],"curies":[{"name":"wp","href":"https:\/\/api.w.org\/{rel}","templated":true}]}}