{"id":834,"date":"2022-02-26T15:39:42","date_gmt":"2022-02-26T12:39:42","guid":{"rendered":"https:\/\/www.mghhukuk.com\/?page_id=834"},"modified":"2022-06-03T15:47:33","modified_gmt":"2022-06-03T12:47:33","slug":"is-hukuku","status":"publish","type":"page","link":"https:\/\/www.mghhukuk.com\/?page_id=834","title":{"rendered":"\u0130\u015e HUKUKU"},"content":{"rendered":"<p>[vc_row full_width=&#8221;stretch_row&#8221; content_placement=&#8221;middle&#8221; css=&#8221;.vc_custom_1645988724760{background: #e8e8ea url(https:\/\/www.mghhukuk.com\/wp-content\/uploads\/2022\/02\/Fotolia_137673213_M-1-11.jpg?id=965) !important;background-position: center !important;background-repeat: no-repeat !important;background-size: cover !important;}&#8221;][vc_column][vc_empty_space height=&#8221;120px&#8221;][vc_custom_heading text=&#8221;\u0130\u015e ve SOSYAL G\u00dcVENL\u0130K HUKUKU&#8221; font_container=&#8221;tag:div|font_size:40|text_align:center|color:%23ffffff&#8221; google_fonts=&#8221;font_family:Comfortaa%3A300%2Cregular%2C700|font_style:400%20regular%3A400%3Anormal&#8221;][vc_row_inner][vc_column_inner width=&#8221;1\/5&#8243;][\/vc_column_inner][vc_column_inner width=&#8221;1\/5&#8243;][\/vc_column_inner][vc_column_inner width=&#8221;1\/5&#8243;][vc_separator color=&#8221;custom&#8221; border_width=&#8221;4&#8243; accent_color=&#8221;#cbcbcb&#8221;][vc_empty_space height=&#8221;120px&#8221;][\/vc_column_inner][vc_column_inner width=&#8221;1\/5&#8243;][\/vc_column_inner][vc_column_inner width=&#8221;1\/5&#8243;][\/vc_column_inner][\/vc_row_inner][\/vc_column][\/vc_row][vc_row full_width=&#8221;stretch_row&#8221; css=&#8221;.vc_custom_1645986559930{background-color: #e8e8ea !important;}&#8221;][vc_column][vc_empty_space height=&#8221;64px&#8221;][vc_custom_heading text=&#8221;\u0130\u015f\u00e7i-\u0130\u015fveren aras\u0131 hukuki ili\u015fkinin sa\u011fl\u0131kl\u0131 kurulabilmesi, uyu\u015fmazl\u0131klar\u0131n \u00e7\u00f6z\u00fcm\u00fc, tespit davalar\u0131, i\u015f kazas\u0131 ve tazminat, mobbing nedeniyle tazminat, i\u015f akdinin feshi, i\u015fe iade, sosyal sigorta, k\u0131dem ve ihbar tazminat\u0131 gibi i\u015f\u00e7ilik alacaklar\u0131 hakk\u0131nda g\u00f6r\u00fclecek davalarda ve alternatif uyu\u015fmazl\u0131k \u00e7\u00f6z\u00fcm yollar\u0131nda m\u00fcvekkillerimize hukuki hizmet&amp;dan\u0131\u015fmanl\u0131k sa\u011flamaktay\u0131z.&#8221; font_container=&#8221;tag:div|font_size:18|text_align:left&#8221; use_theme_fonts=&#8221;yes&#8221;][\/vc_column][\/vc_row][vc_row full_width=&#8221;stretch_row&#8221; css=&#8221;.vc_custom_1645980085872{background-color: #e8e8ea !important;}&#8221;][vc_column][vc_empty_space height=&#8221;64px&#8221;][\/vc_column][\/vc_row]<\/p>\n","protected":false},"excerpt":{"rendered":"<p>[vc_row full_width=&#8221;stretch_row&#8221; content_placement=&#8221;middle&#8221; css=&#8221;.vc_custom_1645988724760{background: #e8e8ea url(https:\/\/www.mghhukuk.com\/wp-content\/uploads\/2022\/02\/Fotolia_137673213_M-1-11.jpg?id=965) !important;background-position: center !important;background-repeat: no-repeat !important;background-size: cover !important;}&#8221;][vc_column][vc_empty_space height=&#8221;120px&#8221;][vc_custom_heading text=&#8221;\u0130\u015e ve SOSYAL G\u00dcVENL\u0130K HUKUKU&#8221; font_container=&#8221;tag:div|font_size:40|text_align:center|color:%23ffffff&#8221; google_fonts=&#8221;font_family:Comfortaa%3A300%2Cregular%2C700|font_style:400%20regular%3A400%3Anormal&#8221;][vc_row_inner][vc_column_inner width=&#8221;1\/5&#8243;][\/vc_column_inner][vc_column_inner width=&#8221;1\/5&#8243;][\/vc_column_inner][vc_column_inner width=&#8221;1\/5&#8243;][vc_separator color=&#8221;custom&#8221; border_width=&#8221;4&#8243; accent_color=&#8221;#cbcbcb&#8221;][vc_empty_space height=&#8221;120px&#8221;][\/vc_column_inner][vc_column_inner width=&#8221;1\/5&#8243;][\/vc_column_inner][vc_column_inner width=&#8221;1\/5&#8243;][\/vc_column_inner][\/vc_row_inner][\/vc_column][\/vc_row][vc_row full_width=&#8221;stretch_row&#8221; css=&#8221;.vc_custom_1645986559930{background-color: #e8e8ea !important;}&#8221;][vc_column][vc_empty_space height=&#8221;64px&#8221;][vc_custom_heading text=&#8221;\u0130\u015f\u00e7i-\u0130\u015fveren aras\u0131 hukuki ili\u015fkinin sa\u011fl\u0131kl\u0131&#8230;<\/p>\n","protected":false},"author":1,"featured_media":0,"parent":0,"menu_order":0,"comment_status":"closed","ping_status":"closed","template":"","meta":{"footnotes":""},"class_list":["post-834","page","type-page","status-publish","hentry"],"_links":{"self":[{"href":"https:\/\/www.mghhukuk.com\/index.php?rest_route=\/wp\/v2\/pages\/834","targetHints":{"allow":["GET"]}}],"collection":[{"href":"https:\/\/www.mghhukuk.com\/index.php?rest_route=\/wp\/v2\/pages"}],"about":[{"href":"https:\/\/www.mghhukuk.com\/index.php?rest_route=\/wp\/v2\/types\/page"}],"author":[{"embeddable":true,"href":"https:\/\/www.mghhukuk.com\/index.php?rest_route=\/wp\/v2\/users\/1"}],"replies":[{"embeddable":true,"href":"https:\/\/www.mghhukuk.com\/index.php?rest_route=%2Fwp%2Fv2%2Fcomments&post=834"}],"version-history":[{"count":6,"href":"https:\/\/www.mghhukuk.com\/index.php?rest_route=\/wp\/v2\/pages\/834\/revisions"}],"predecessor-version":[{"id":1195,"href":"https:\/\/www.mghhukuk.com\/index.php?rest_route=\/wp\/v2\/pages\/834\/revisions\/1195"}],"wp:attachment":[{"href":"https:\/\/www.mghhukuk.com\/index.php?rest_route=%2Fwp%2Fv2%2Fmedia&parent=834"}],"curies":[{"name":"wp","href":"https:\/\/api.w.org\/{rel}","templated":true}]}}