{"id":836,"date":"2022-02-26T15:39:42","date_gmt":"2022-02-26T12:39:42","guid":{"rendered":"https:\/\/www.mghhukuk.com\/?page_id=836"},"modified":"2022-03-01T14:13:02","modified_gmt":"2022-03-01T11:13:02","slug":"fikri-mulkiyet-hukuku","status":"publish","type":"page","link":"https:\/\/www.mghhukuk.com\/?page_id=836","title":{"rendered":"F\u0130KR\u0130 M\u00dcLK\u0130YET HUKUKU"},"content":{"rendered":"<p>[vc_row full_width=&#8221;stretch_row&#8221; content_placement=&#8221;middle&#8221; css=&#8221;.vc_custom_1645992950870{background: #e8e8ea url(https:\/\/www.mghhukuk.com\/wp-content\/uploads\/2022\/02\/Fotolia_137673213_M-1-12.jpg?id=969) !important;background-position: center !important;background-repeat: no-repeat !important;background-size: cover !important;}&#8221;][vc_column][vc_empty_space height=&#8221;120px&#8221;][vc_custom_heading text=&#8221;F\u0130KR\u0130 M\u00dcLK\u0130YET HUKUKU&#8221; font_container=&#8221;tag:div|font_size:40|text_align:center|color:%23ffffff&#8221; google_fonts=&#8221;font_family:Comfortaa%3A300%2Cregular%2C700|font_style:400%20regular%3A400%3Anormal&#8221;][vc_row_inner][vc_column_inner width=&#8221;1\/5&#8243;][\/vc_column_inner][vc_column_inner width=&#8221;1\/5&#8243;][\/vc_column_inner][vc_column_inner width=&#8221;1\/5&#8243;][vc_separator color=&#8221;custom&#8221; border_width=&#8221;4&#8243; accent_color=&#8221;#cbcbcb&#8221;][vc_empty_space height=&#8221;120px&#8221;][\/vc_column_inner][vc_column_inner width=&#8221;1\/5&#8243;][\/vc_column_inner][vc_column_inner width=&#8221;1\/5&#8243;][\/vc_column_inner][\/vc_row_inner][\/vc_column][\/vc_row][vc_row full_width=&#8221;stretch_row&#8221; css=&#8221;.vc_custom_1645986559930{background-color: #e8e8ea !important;}&#8221;][vc_column][vc_empty_space height=&#8221;64px&#8221;][vc_custom_heading text=&#8221;Telif ve s\u0131nai haklardan olu\u015fan fikri ve s\u0131nai haklar\u0131n korunmas\u0131, tescili, vb i\u015flemler ile internet ortam\u0131nda ve ticari hayat ba\u015fta olmak \u00fczere fikri ve s\u0131nai m\u00fclkiyet haklar\u0131n\u0131n ihlallere kar\u015f\u0131 korunmas\u0131, devri, haks\u0131z rekabetin \u00f6nlenmesi, gibi alanlarda hukuki hizmet&amp;dan\u0131\u015fmanl\u0131k sa\u011flamaktay\u0131z.&#8221; font_container=&#8221;tag:div|font_size:18|text_align:left&#8221; google_fonts=&#8221;font_family:Comfortaa%3A300%2Cregular%2C700|font_style:400%20regular%3A400%3Anormal&#8221;][\/vc_column][\/vc_row][vc_row full_width=&#8221;stretch_row&#8221; css=&#8221;.vc_custom_1645980085872{background-color: #e8e8ea !important;}&#8221;][vc_column][vc_empty_space height=&#8221;64px&#8221;][\/vc_column][\/vc_row]<\/p>\n","protected":false},"excerpt":{"rendered":"<p>[vc_row full_width=&#8221;stretch_row&#8221; content_placement=&#8221;middle&#8221; css=&#8221;.vc_custom_1645992950870{background: #e8e8ea url(https:\/\/www.mghhukuk.com\/wp-content\/uploads\/2022\/02\/Fotolia_137673213_M-1-12.jpg?id=969) !important;background-position: center !important;background-repeat: no-repeat !important;background-size: cover !important;}&#8221;][vc_column][vc_empty_space height=&#8221;120px&#8221;][vc_custom_heading text=&#8221;F\u0130KR\u0130 M\u00dcLK\u0130YET HUKUKU&#8221; font_container=&#8221;tag:div|font_size:40|text_align:center|color:%23ffffff&#8221; google_fonts=&#8221;font_family:Comfortaa%3A300%2Cregular%2C700|font_style:400%20regular%3A400%3Anormal&#8221;][vc_row_inner][vc_column_inner width=&#8221;1\/5&#8243;][\/vc_column_inner][vc_column_inner width=&#8221;1\/5&#8243;][\/vc_column_inner][vc_column_inner width=&#8221;1\/5&#8243;][vc_separator color=&#8221;custom&#8221; border_width=&#8221;4&#8243; accent_color=&#8221;#cbcbcb&#8221;][vc_empty_space height=&#8221;120px&#8221;][\/vc_column_inner][vc_column_inner width=&#8221;1\/5&#8243;][\/vc_column_inner][vc_column_inner width=&#8221;1\/5&#8243;][\/vc_column_inner][\/vc_row_inner][\/vc_column][\/vc_row][vc_row full_width=&#8221;stretch_row&#8221; css=&#8221;.vc_custom_1645986559930{background-color: #e8e8ea !important;}&#8221;][vc_column][vc_empty_space height=&#8221;64px&#8221;][vc_custom_heading text=&#8221;Telif ve s\u0131nai haklardan olu\u015fan fikri ve&#8230;<\/p>\n","protected":false},"author":1,"featured_media":0,"parent":0,"menu_order":0,"comment_status":"closed","ping_status":"closed","template":"","meta":{"footnotes":""},"class_list":["post-836","page","type-page","status-publish","hentry"],"_links":{"self":[{"href":"https:\/\/www.mghhukuk.com\/index.php?rest_route=\/wp\/v2\/pages\/836","targetHints":{"allow":["GET"]}}],"collection":[{"href":"https:\/\/www.mghhukuk.com\/index.php?rest_route=\/wp\/v2\/pages"}],"about":[{"href":"https:\/\/www.mghhukuk.com\/index.php?rest_route=\/wp\/v2\/types\/page"}],"author":[{"embeddable":true,"href":"https:\/\/www.mghhukuk.com\/index.php?rest_route=\/wp\/v2\/users\/1"}],"replies":[{"embeddable":true,"href":"https:\/\/www.mghhukuk.com\/index.php?rest_route=%2Fwp%2Fv2%2Fcomments&post=836"}],"version-history":[{"count":4,"href":"https:\/\/www.mghhukuk.com\/index.php?rest_route=\/wp\/v2\/pages\/836\/revisions"}],"predecessor-version":[{"id":1102,"href":"https:\/\/www.mghhukuk.com\/index.php?rest_route=\/wp\/v2\/pages\/836\/revisions\/1102"}],"wp:attachment":[{"href":"https:\/\/www.mghhukuk.com\/index.php?rest_route=%2Fwp%2Fv2%2Fmedia&parent=836"}],"curies":[{"name":"wp","href":"https:\/\/api.w.org\/{rel}","templated":true}]}}