{"id":837,"date":"2022-02-26T15:39:42","date_gmt":"2022-02-26T12:39:42","guid":{"rendered":"https:\/\/www.mghhukuk.com\/?page_id=837"},"modified":"2022-06-03T15:48:38","modified_gmt":"2022-06-03T12:48:38","slug":"kisisel-verilerin-korunmasi-hukuku","status":"publish","type":"page","link":"https:\/\/www.mghhukuk.com\/?page_id=837","title":{"rendered":"K\u0130\u015e\u0130SEL VER\u0130LER\u0130N KORUNMASI HUKUKU"},"content":{"rendered":"<p>[vc_row full_width=&#8221;stretch_row&#8221; content_placement=&#8221;middle&#8221; css=&#8221;.vc_custom_1645993455814{background: #e8e8ea url(https:\/\/www.mghhukuk.com\/wp-content\/uploads\/2022\/02\/Fotolia_137673213_M-1-13.jpg?id=973) !important;background-position: center !important;background-repeat: no-repeat !important;background-size: cover !important;}&#8221;][vc_column][vc_empty_space height=&#8221;120px&#8221;][vc_custom_heading text=&#8221;K\u0130\u015e\u0130SEL VER\u0130LER\u0130N KORUNMASI HUKUKU&#8221; font_container=&#8221;tag:div|font_size:40|text_align:center|color:%23ffffff&#8221; google_fonts=&#8221;font_family:Comfortaa%3A300%2Cregular%2C700|font_style:400%20regular%3A400%3Anormal&#8221;][vc_row_inner][vc_column_inner width=&#8221;1\/5&#8243;][\/vc_column_inner][vc_column_inner width=&#8221;1\/5&#8243;][\/vc_column_inner][vc_column_inner width=&#8221;1\/5&#8243;][vc_separator color=&#8221;custom&#8221; border_width=&#8221;4&#8243; accent_color=&#8221;#cbcbcb&#8221;][vc_empty_space height=&#8221;120px&#8221;][\/vc_column_inner][vc_column_inner width=&#8221;1\/5&#8243;][\/vc_column_inner][vc_column_inner width=&#8221;1\/5&#8243;][\/vc_column_inner][\/vc_row_inner][\/vc_column][\/vc_row][vc_row full_width=&#8221;stretch_row&#8221; css=&#8221;.vc_custom_1645986559930{background-color: #e8e8ea !important;}&#8221;][vc_column][vc_empty_space height=&#8221;64px&#8221;][vc_custom_heading text=&#8221;6698 say\u0131l\u0131 Ki\u015fisel Verilerin Korunmas\u0131 Kanunu\u2019nda (\u201cKVKK\u201d) ki\u015fisel veri, kimli\u011fi belirli veya belirlenebilir ger\u00e7ek ki\u015fiye ili\u015fkin her t\u00fcrl\u00fc bilgi olarak tan\u0131mlanmaktad\u0131r.<br \/>\nHer t\u00fcrl\u00fc bilgi deyimi ile asl\u0131nda sadece bireyin kesin te\u015fhisini sa\u011flayan ad, soyad, do\u011fum tarihi, do\u011fum yeri gibi bilgiler de\u011fil; ayn\u0131 zamanda bireyin belirlenebilir k\u0131l\u0131nmas\u0131n\u0131 sa\u011flayan fiziki, ailevi, ekonomik, sosyal ve buna benzer \u00f6zelliklere ili\u015fkin bilgiler de kastedilmektedir.<br \/>\nKanunda, ki\u015fisel veriler s\u0131n\u0131rl\u0131 sayma yoluyla belirlenmedi\u011finden, her somut olay\u0131n \u00f6zelli\u011fine g\u00f6re ki\u015fisel verinin kapsam\u0131n\u0131n geni\u015fletilmesi de m\u00fcmk\u00fcnd\u00fcr. Bu kapsamda, ger\u00e7ek bir ki\u015finin motorlu ta\u015f\u0131t plakas\u0131, m\u00fclakat sonu\u00e7lar\u0131, kulland\u0131\u011f\u0131 elektronik cihazlar\u0131n IP adresleri, ses ve g\u00f6r\u00fcnt\u00fc kay\u0131tlar\u0131, konum bilgisi, adli sicil kayd\u0131, kredi kart\u0131 ekstreleri, sosyal medya be\u011fenileri, parmak izleri vb. bilgiler de ki\u015fisel veri olarak tan\u0131mlanabilmektedir.&#8221; font_container=&#8221;tag:div|font_size:18|text_align:left&#8221; use_theme_fonts=&#8221;yes&#8221;][vc_empty_space][vc_custom_heading text=&#8221;B\u00fcromuz KVKK Kapsam\u0131nda Nas\u0131l Dan\u0131\u015fmanl\u0131k Hizmeti Vermektedir?&#8221; font_container=&#8221;tag:div|font_size:23|text_align:left&#8221; use_theme_fonts=&#8221;yes&#8221;][vc_custom_heading text=&#8221;CIPP\/E, ISO\/IEC 27001:2013 Bilgi G\u00fcvenli\u011fi Y\u00f6netim Sistemi, ISO\/IEC 27701:2019 Ki\u015fisel Veri Y\u00f6netim Sistemi Ba\u015f Denet\u00e7i, ITIL V3 Sertifikalar\u0131na Sahip Veri Koruma Uzmanlar\u0131m\u0131z ile Ki\u015fisel Verilerin Korunmas\u0131 Kanunu (\u201cKVKK\u201d) do\u011frultusunda \u015firketlerin t\u00fcm veri koruma s\u00fcre\u00e7lerinin takibi ve uyum gereklilikleri kapsam\u0131nda dan\u0131\u015fmanl\u0131k hizmeti vermekteyiz.<br \/>\nGeni\u015f sekt\u00f6rel bilgimiz ve deneyimimiz ile KVKK Denetim ve Risk De\u011ferlendirme s\u00fcre\u00e7lerinin teknik gerekliliklerini geni\u015f bir \u00e7er\u00e7eveden bakarak ger\u00e7ekle\u015ftiriyoruz. AB Genel Veri Koruma T\u00fcz\u00fc\u011f\u00fc\u2019ne (\u201cGDPR\u201d) uygun olarak haz\u0131rlanacak ve Hazine ve Maliye Bakanl\u0131\u011f\u0131 taraf\u0131ndan, 2022 Mart ay\u0131n\u0131n sonu eylem biti\u015f tarihi olarak belirlenen yeni Ki\u015fisel Verilerin Korunmas\u0131 Kanunu de\u011fi\u015fikli\u011fi de g\u00f6steriyor ki KVKK uyum dan\u0131\u015fmanl\u0131k hizmetlerinin s\u00fcreklili\u011fi g\u00fcn ge\u00e7tik\u00e7e \u00f6nemli hale geliyor.&#8221; font_container=&#8221;tag:div|font_size:18|text_align:left&#8221; use_theme_fonts=&#8221;yes&#8221;][\/vc_column][\/vc_row][vc_row full_width=&#8221;stretch_row&#8221; css=&#8221;.vc_custom_1645980085872{background-color: #e8e8ea !important;}&#8221;][vc_column][vc_empty_space height=&#8221;64px&#8221;][\/vc_column][\/vc_row]<\/p>\n","protected":false},"excerpt":{"rendered":"<p>[vc_row full_width=&#8221;stretch_row&#8221; content_placement=&#8221;middle&#8221; css=&#8221;.vc_custom_1645993455814{background: #e8e8ea url(https:\/\/www.mghhukuk.com\/wp-content\/uploads\/2022\/02\/Fotolia_137673213_M-1-13.jpg?id=973) !important;background-position: center !important;background-repeat: no-repeat !important;background-size: cover !important;}&#8221;][vc_column][vc_empty_space height=&#8221;120px&#8221;][vc_custom_heading text=&#8221;K\u0130\u015e\u0130SEL VER\u0130LER\u0130N KORUNMASI HUKUKU&#8221; font_container=&#8221;tag:div|font_size:40|text_align:center|color:%23ffffff&#8221; google_fonts=&#8221;font_family:Comfortaa%3A300%2Cregular%2C700|font_style:400%20regular%3A400%3Anormal&#8221;][vc_row_inner][vc_column_inner width=&#8221;1\/5&#8243;][\/vc_column_inner][vc_column_inner width=&#8221;1\/5&#8243;][\/vc_column_inner][vc_column_inner width=&#8221;1\/5&#8243;][vc_separator color=&#8221;custom&#8221; border_width=&#8221;4&#8243; accent_color=&#8221;#cbcbcb&#8221;][vc_empty_space height=&#8221;120px&#8221;][\/vc_column_inner][vc_column_inner width=&#8221;1\/5&#8243;][\/vc_column_inner][vc_column_inner width=&#8221;1\/5&#8243;][\/vc_column_inner][\/vc_row_inner][\/vc_column][\/vc_row][vc_row full_width=&#8221;stretch_row&#8221; css=&#8221;.vc_custom_1645986559930{background-color: #e8e8ea !important;}&#8221;][vc_column][vc_empty_space height=&#8221;64px&#8221;][vc_custom_heading text=&#8221;6698 say\u0131l\u0131 Ki\u015fisel Verilerin Korunmas\u0131 Kanunu\u2019nda&#8230;<\/p>\n","protected":false},"author":1,"featured_media":0,"parent":0,"menu_order":0,"comment_status":"closed","ping_status":"closed","template":"","meta":{"footnotes":""},"class_list":["post-837","page","type-page","status-publish","hentry"],"_links":{"self":[{"href":"https:\/\/www.mghhukuk.com\/index.php?rest_route=\/wp\/v2\/pages\/837","targetHints":{"allow":["GET"]}}],"collection":[{"href":"https:\/\/www.mghhukuk.com\/index.php?rest_route=\/wp\/v2\/pages"}],"about":[{"href":"https:\/\/www.mghhukuk.com\/index.php?rest_route=\/wp\/v2\/types\/page"}],"author":[{"embeddable":true,"href":"https:\/\/www.mghhukuk.com\/index.php?rest_route=\/wp\/v2\/users\/1"}],"replies":[{"embeddable":true,"href":"https:\/\/www.mghhukuk.com\/index.php?rest_route=%2Fwp%2Fv2%2Fcomments&post=837"}],"version-history":[{"count":5,"href":"https:\/\/www.mghhukuk.com\/index.php?rest_route=\/wp\/v2\/pages\/837\/revisions"}],"predecessor-version":[{"id":1196,"href":"https:\/\/www.mghhukuk.com\/index.php?rest_route=\/wp\/v2\/pages\/837\/revisions\/1196"}],"wp:attachment":[{"href":"https:\/\/www.mghhukuk.com\/index.php?rest_route=%2Fwp%2Fv2%2Fmedia&parent=837"}],"curies":[{"name":"wp","href":"https:\/\/api.w.org\/{rel}","templated":true}]}}