{"id":838,"date":"2022-02-26T15:39:42","date_gmt":"2022-02-26T12:39:42","guid":{"rendered":"https:\/\/www.mghhukuk.com\/?page_id=838"},"modified":"2022-06-03T15:48:52","modified_gmt":"2022-06-03T12:48:52","slug":"saglik-hukuku","status":"publish","type":"page","link":"https:\/\/www.mghhukuk.com\/?page_id=838","title":{"rendered":"SA\u011eLIK HUKUKU"},"content":{"rendered":"<p>[vc_row full_width=&#8221;stretch_row&#8221; content_placement=&#8221;middle&#8221; css=&#8221;.vc_custom_1645993772849{background: #e8e8ea url(https:\/\/www.mghhukuk.com\/wp-content\/uploads\/2022\/02\/Fotolia_137673213_M-1-14.jpg?id=977) !important;background-position: center !important;background-repeat: no-repeat !important;background-size: cover !important;}&#8221;][vc_column][vc_empty_space height=&#8221;120px&#8221;][vc_custom_heading text=&#8221;SA\u011eLIK HUKUKU&#8221; font_container=&#8221;tag:div|font_size:40|text_align:center|color:%23ffffff&#8221; google_fonts=&#8221;font_family:Comfortaa%3A300%2Cregular%2C700|font_style:400%20regular%3A400%3Anormal&#8221;][vc_row_inner][vc_column_inner width=&#8221;1\/5&#8243;][\/vc_column_inner][vc_column_inner width=&#8221;1\/5&#8243;][\/vc_column_inner][vc_column_inner width=&#8221;1\/5&#8243;][vc_separator color=&#8221;custom&#8221; border_width=&#8221;4&#8243; accent_color=&#8221;#cbcbcb&#8221;][vc_empty_space height=&#8221;120px&#8221;][\/vc_column_inner][vc_column_inner width=&#8221;1\/5&#8243;][\/vc_column_inner][vc_column_inner width=&#8221;1\/5&#8243;][\/vc_column_inner][\/vc_row_inner][\/vc_column][\/vc_row][vc_row full_width=&#8221;stretch_row&#8221; css=&#8221;.vc_custom_1645986559930{background-color: #e8e8ea !important;}&#8221;][vc_column][vc_empty_space height=&#8221;64px&#8221;][vc_custom_heading text=&#8221;Sa\u011fl\u0131k hukuku, dar anlamda tan\u0131mlamak gerekirse sa\u011fl\u0131k hizmeti alan doktor ve hasta aras\u0131ndaki ili\u015fkinin hukuki niteli\u011fini kapsamaktad\u0131r. Hekimlerin hukuki ve cezai sorumlulu\u011fu, idari sorumluluk, hastan\u0131n ve hekimin sorumlulu\u011fu ile y\u00fck\u00fcml\u00fcl\u00fckleri, sa\u011fl\u0131k \u00e7al\u0131\u015fanlar\u0131n\u0131n haklar\u0131, t\u0131bbi m\u00fcdahalede hastaya dair ayd\u0131nlatma ve r\u0131zaya dair yasal dayanaklar sa\u011fl\u0131k hukuku \u00e7er\u00e7evesinde d\u00fczenlenmi\u015ftir.<br \/>\nSa\u011fl\u0131k hukuku, karma bir hukuku dal\u0131 olup en ba\u015fta Anayasa temelini olu\u015fturmak \u00fczere ceza hukuku, idare hukuku, medeni hukuk ile ili\u015fkilidir. Anayasan\u0131n 56. maddesinin ilk f\u0131kras\u0131nda \u201cHerkes, sa\u011fl\u0131kl\u0131 ve dengeli bir \u00e7evrede ya\u015fama hakk\u0131na sahiptir.\u201d h\u00fckm\u00fc d\u00fczenlenmi\u015ftir. Ki\u015finin sa\u011fl\u0131kl\u0131 bir \u00e7evrede ya\u015famas\u0131, sa\u011fl\u0131k hizmetinden yararlanmas\u0131 gibi haklar\u0131n anayasal hak oldu\u011fu g\u00f6z ard\u0131 edilmemelidir. Sa\u011fl\u0131k hukukuna dair \u00e7ok say\u0131da d\u00fczenleme bulunmaktad\u0131r:<\/p>\n<p>Tababet ve \u015euabat\u0131 San\u00b4atlar\u0131n\u0131n Tarz\u0131 \u0130cras\u0131na Dair Kanun<br \/>\nUmumi H\u0131fz\u0131ss\u0131hha Kanunu,<br \/>\nHususi Hastaneler Kanunu,<br \/>\nHem\u015firelik Kanunu<br \/>\nAile Hekimli\u011fi Kanunu<br \/>\nSa\u011fl\u0131k Bakanl\u0131\u011f\u0131 ve Ba\u011fl\u0131 Kurulu\u015flar\u0131n\u0131n Te\u015fkilat ve G\u00f6revleri Hakk\u0131nda Kanun H\u00fckm\u00fcnde Kararname gibi birden \u00e7ok d\u00fczenleme yer almaktad\u0131r.<br \/>\nSa\u011fl\u0131kl\u0131 ya\u015fam hakk\u0131, sa\u011fl\u0131k hizmetinden yararlanma hakk\u0131, hastalar\u0131n y\u00fck\u00fcml\u00fcl\u00fc\u011f\u00fc, hekimlerin tedavideki sorumlulu\u011fu ve haklar\u0131 gibi bir\u00e7ok detay gerektiren konu sa\u011fl\u0131k hukuku alan\u0131nda d\u00fczenlenmi\u015ftir.&#8221; font_container=&#8221;tag:div|font_size:18|text_align:left&#8221; use_theme_fonts=&#8221;yes&#8221;][\/vc_column][\/vc_row][vc_row full_width=&#8221;stretch_row&#8221; css=&#8221;.vc_custom_1645980085872{background-color: #e8e8ea !important;}&#8221;][vc_column][vc_empty_space height=&#8221;64px&#8221;][\/vc_column][\/vc_row]<\/p>\n","protected":false},"excerpt":{"rendered":"<p>[vc_row full_width=&#8221;stretch_row&#8221; content_placement=&#8221;middle&#8221; css=&#8221;.vc_custom_1645993772849{background: #e8e8ea url(https:\/\/www.mghhukuk.com\/wp-content\/uploads\/2022\/02\/Fotolia_137673213_M-1-14.jpg?id=977) !important;background-position: center !important;background-repeat: no-repeat !important;background-size: cover !important;}&#8221;][vc_column][vc_empty_space height=&#8221;120px&#8221;][vc_custom_heading text=&#8221;SA\u011eLIK HUKUKU&#8221; font_container=&#8221;tag:div|font_size:40|text_align:center|color:%23ffffff&#8221; google_fonts=&#8221;font_family:Comfortaa%3A300%2Cregular%2C700|font_style:400%20regular%3A400%3Anormal&#8221;][vc_row_inner][vc_column_inner width=&#8221;1\/5&#8243;][\/vc_column_inner][vc_column_inner width=&#8221;1\/5&#8243;][\/vc_column_inner][vc_column_inner width=&#8221;1\/5&#8243;][vc_separator color=&#8221;custom&#8221; border_width=&#8221;4&#8243; accent_color=&#8221;#cbcbcb&#8221;][vc_empty_space height=&#8221;120px&#8221;][\/vc_column_inner][vc_column_inner width=&#8221;1\/5&#8243;][\/vc_column_inner][vc_column_inner width=&#8221;1\/5&#8243;][\/vc_column_inner][\/vc_row_inner][\/vc_column][\/vc_row][vc_row full_width=&#8221;stretch_row&#8221; css=&#8221;.vc_custom_1645986559930{background-color: #e8e8ea !important;}&#8221;][vc_column][vc_empty_space height=&#8221;64px&#8221;][vc_custom_heading text=&#8221;Sa\u011fl\u0131k hukuku, dar anlamda tan\u0131mlamak gerekirse sa\u011fl\u0131k hizmeti&#8230;<\/p>\n","protected":false},"author":1,"featured_media":0,"parent":0,"menu_order":0,"comment_status":"closed","ping_status":"closed","template":"","meta":{"footnotes":""},"class_list":["post-838","page","type-page","status-publish","hentry"],"_links":{"self":[{"href":"https:\/\/www.mghhukuk.com\/index.php?rest_route=\/wp\/v2\/pages\/838","targetHints":{"allow":["GET"]}}],"collection":[{"href":"https:\/\/www.mghhukuk.com\/index.php?rest_route=\/wp\/v2\/pages"}],"about":[{"href":"https:\/\/www.mghhukuk.com\/index.php?rest_route=\/wp\/v2\/types\/page"}],"author":[{"embeddable":true,"href":"https:\/\/www.mghhukuk.com\/index.php?rest_route=\/wp\/v2\/users\/1"}],"replies":[{"embeddable":true,"href":"https:\/\/www.mghhukuk.com\/index.php?rest_route=%2Fwp%2Fv2%2Fcomments&post=838"}],"version-history":[{"count":5,"href":"https:\/\/www.mghhukuk.com\/index.php?rest_route=\/wp\/v2\/pages\/838\/revisions"}],"predecessor-version":[{"id":1197,"href":"https:\/\/www.mghhukuk.com\/index.php?rest_route=\/wp\/v2\/pages\/838\/revisions\/1197"}],"wp:attachment":[{"href":"https:\/\/www.mghhukuk.com\/index.php?rest_route=%2Fwp%2Fv2%2Fmedia&parent=838"}],"curies":[{"name":"wp","href":"https:\/\/api.w.org\/{rel}","templated":true}]}}