{"id":839,"date":"2022-02-26T15:39:42","date_gmt":"2022-02-26T12:39:42","guid":{"rendered":"https:\/\/www.mghhukuk.com\/?page_id=839"},"modified":"2022-02-27T23:35:22","modified_gmt":"2022-02-27T20:35:22","slug":"kamulastirma-hukuku","status":"publish","type":"page","link":"https:\/\/www.mghhukuk.com\/?page_id=839","title":{"rendered":"KAMULA\u015eTIRMA HUKUKU"},"content":{"rendered":"<p>[vc_row full_width=&#8221;stretch_row&#8221; content_placement=&#8221;middle&#8221; css=&#8221;.vc_custom_1645994015366{background: #e8e8ea url(https:\/\/www.mghhukuk.com\/wp-content\/uploads\/2022\/02\/Fotolia_137673213_M-1-15.jpg?id=981) !important;background-position: center !important;background-repeat: no-repeat !important;background-size: cover !important;}&#8221;][vc_column][vc_empty_space height=&#8221;120px&#8221;][vc_custom_heading text=&#8221;KAMULA\u015eTIRMA HUKUKU&#8221; font_container=&#8221;tag:div|font_size:40|text_align:center|color:%23ffffff&#8221; google_fonts=&#8221;font_family:Comfortaa%3A300%2Cregular%2C700|font_style:400%20regular%3A400%3Anormal&#8221;][vc_row_inner][vc_column_inner width=&#8221;1\/5&#8243;][\/vc_column_inner][vc_column_inner width=&#8221;1\/5&#8243;][\/vc_column_inner][vc_column_inner width=&#8221;1\/5&#8243;][vc_separator color=&#8221;custom&#8221; border_width=&#8221;4&#8243; accent_color=&#8221;#cbcbcb&#8221;][vc_empty_space height=&#8221;120px&#8221;][\/vc_column_inner][vc_column_inner width=&#8221;1\/5&#8243;][\/vc_column_inner][vc_column_inner width=&#8221;1\/5&#8243;][\/vc_column_inner][\/vc_row_inner][\/vc_column][\/vc_row][vc_row full_width=&#8221;stretch_row&#8221; css=&#8221;.vc_custom_1645986559930{background-color: #e8e8ea !important;}&#8221;][vc_column][vc_empty_space height=&#8221;64px&#8221;][vc_custom_heading text=&#8221;Kamula\u015ft\u0131rma, kamu yarar\u0131 g\u00f6zetilerek bedelinin pe\u015fin \u00f6denmesi ko\u015fuluyla m\u00fclkiyet hakk\u0131n\u0131n kanun g\u00fcc\u00fcyle kamu kurum ve kurulu\u015flar\u0131n\u0131n eline zorla ge\u00e7mesidir. Kamula\u015ft\u0131rma uygulamalar\u0131n\u0131n s\u0131kl\u0131kla artmas\u0131 ile bu konuda bilinmesi gereken hususlar\u0131 sizler i\u00e7in irdeledik. M\u00fclkiyet hakk\u0131 \u00fclkemizin de taraf oldu\u011fu uluslar aras\u0131 s\u00f6zle\u015fmeler ve Anayasa taraf\u0131ndan g\u00fcvence alt\u0131na al\u0131nm\u0131\u015ft\u0131r. Ayr\u0131ca m\u00fclkiyet hakk\u0131 yine Anayasa gere\u011fi ancak ve ancak kamu yarar\u0131 ve kanun ile s\u0131n\u0131rland\u0131rabilir. Bu d\u00fczenlemenin uzant\u0131s\u0131 olarak Kamula\u015ft\u0131rma Kanunu\u2019nda, kamula\u015ft\u0131rman\u0131n kamu yarar\u0131ndan yoksun bir \u015fekilde yap\u0131lamayaca\u011f\u0131n\u0131 g\u00f6rmekteyiz.<\/p>\n<p>Kamula\u015ft\u0131rmay\u0131 yaln\u0131zca devlet veya di\u011fer kamu t\u00fczel ki\u015filikleri yapabilir. Ayr\u0131ca kamula\u015ft\u0131rma faaliyeti \u00f6zel m\u00fclkiyete tabi ta\u015f\u0131nmazlar i\u00e7in s\u00f6z konusudur.  Bedelinin nakden \u00f6denmesi gerekir. Herhangi bir k\u0131ymetli evrak yolu ile \u00f6demenin yap\u0131lmas\u0131 s\u00f6z konusu olamaz. Nakden pe\u015fin olarak \u00f6demenin tek istisnas\u0131 kamula\u015ft\u0131rman\u0131n trampa (takas) yoluyla mal sahibinin de r\u0131zas\u0131 al\u0131nmak ko\u015fuluyla yap\u0131lmas\u0131d\u0131r. Bir di\u011fer istisna ise 5 y\u0131l\u0131 ge\u00e7memek \u00fczere ve her biri e\u015fit taksit olma \u015fart\u0131yla taksitlendirme y\u00f6ntemidir. Kamula\u015ft\u0131rma bedelinin \u00f6denmemesi durumunda, \u00f6denmeyen bedeller i\u00e7in kamu alacaklar\u0131na uygulanan en y\u00fcksek faiz oran\u0131 uygulan\u0131r. Bir di\u011fer \u00f6nemli husus ise yeteri d\u00fczeyde \u00f6deme tahsis edilmeden kamula\u015ft\u0131rma i\u015flemlerine ba\u015flanamaz.&#8221; font_container=&#8221;tag:div|font_size:18|text_align:left&#8221; google_fonts=&#8221;font_family:Comfortaa%3A300%2Cregular%2C700|font_style:400%20regular%3A400%3Anormal&#8221;][\/vc_column][\/vc_row][vc_row full_width=&#8221;stretch_row&#8221; css=&#8221;.vc_custom_1645980085872{background-color: #e8e8ea !important;}&#8221;][vc_column][vc_empty_space height=&#8221;64px&#8221;][\/vc_column][\/vc_row]<\/p>\n","protected":false},"excerpt":{"rendered":"<p>[vc_row full_width=&#8221;stretch_row&#8221; content_placement=&#8221;middle&#8221; css=&#8221;.vc_custom_1645994015366{background: #e8e8ea url(https:\/\/www.mghhukuk.com\/wp-content\/uploads\/2022\/02\/Fotolia_137673213_M-1-15.jpg?id=981) !important;background-position: center !important;background-repeat: no-repeat !important;background-size: cover !important;}&#8221;][vc_column][vc_empty_space height=&#8221;120px&#8221;][vc_custom_heading text=&#8221;KAMULA\u015eTIRMA HUKUKU&#8221; font_container=&#8221;tag:div|font_size:40|text_align:center|color:%23ffffff&#8221; google_fonts=&#8221;font_family:Comfortaa%3A300%2Cregular%2C700|font_style:400%20regular%3A400%3Anormal&#8221;][vc_row_inner][vc_column_inner width=&#8221;1\/5&#8243;][\/vc_column_inner][vc_column_inner width=&#8221;1\/5&#8243;][\/vc_column_inner][vc_column_inner width=&#8221;1\/5&#8243;][vc_separator color=&#8221;custom&#8221; border_width=&#8221;4&#8243; accent_color=&#8221;#cbcbcb&#8221;][vc_empty_space height=&#8221;120px&#8221;][\/vc_column_inner][vc_column_inner width=&#8221;1\/5&#8243;][\/vc_column_inner][vc_column_inner width=&#8221;1\/5&#8243;][\/vc_column_inner][\/vc_row_inner][\/vc_column][\/vc_row][vc_row full_width=&#8221;stretch_row&#8221; css=&#8221;.vc_custom_1645986559930{background-color: #e8e8ea !important;}&#8221;][vc_column][vc_empty_space height=&#8221;64px&#8221;][vc_custom_heading text=&#8221;Kamula\u015ft\u0131rma, kamu yarar\u0131 g\u00f6zetilerek bedelinin pe\u015fin \u00f6denmesi ko\u015fuluyla&#8230;<\/p>\n","protected":false},"author":1,"featured_media":0,"parent":0,"menu_order":0,"comment_status":"closed","ping_status":"closed","template":"","meta":{"footnotes":""},"class_list":["post-839","page","type-page","status-publish","hentry"],"_links":{"self":[{"href":"https:\/\/www.mghhukuk.com\/index.php?rest_route=\/wp\/v2\/pages\/839","targetHints":{"allow":["GET"]}}],"collection":[{"href":"https:\/\/www.mghhukuk.com\/index.php?rest_route=\/wp\/v2\/pages"}],"about":[{"href":"https:\/\/www.mghhukuk.com\/index.php?rest_route=\/wp\/v2\/types\/page"}],"author":[{"embeddable":true,"href":"https:\/\/www.mghhukuk.com\/index.php?rest_route=\/wp\/v2\/users\/1"}],"replies":[{"embeddable":true,"href":"https:\/\/www.mghhukuk.com\/index.php?rest_route=%2Fwp%2Fv2%2Fcomments&post=839"}],"version-history":[{"count":3,"href":"https:\/\/www.mghhukuk.com\/index.php?rest_route=\/wp\/v2\/pages\/839\/revisions"}],"predecessor-version":[{"id":982,"href":"https:\/\/www.mghhukuk.com\/index.php?rest_route=\/wp\/v2\/pages\/839\/revisions\/982"}],"wp:attachment":[{"href":"https:\/\/www.mghhukuk.com\/index.php?rest_route=%2Fwp%2Fv2%2Fmedia&parent=839"}],"curies":[{"name":"wp","href":"https:\/\/api.w.org\/{rel}","templated":true}]}}