{"id":840,"date":"2022-02-26T15:39:42","date_gmt":"2022-02-26T12:39:42","guid":{"rendered":"https:\/\/www.mghhukuk.com\/?page_id=840"},"modified":"2022-06-03T15:48:59","modified_gmt":"2022-06-03T12:48:59","slug":"gayrimenkulinsaat-hukuku","status":"publish","type":"page","link":"https:\/\/www.mghhukuk.com\/?page_id=840","title":{"rendered":"GAYR\u0130MENKUL&#038;\u0130N\u015eAAT HUKUKU"},"content":{"rendered":"<p>[vc_row full_width=&#8221;stretch_row&#8221; content_placement=&#8221;middle&#8221; css=&#8221;.vc_custom_1645994239492{background: #e8e8ea url(https:\/\/www.mghhukuk.com\/wp-content\/uploads\/2022\/02\/Fotolia_137673213_M-1-16.jpg?id=984) !important;background-position: center !important;background-repeat: no-repeat !important;background-size: cover !important;}&#8221;][vc_column][vc_empty_space height=&#8221;120px&#8221;][vc_custom_heading text=&#8221;GAYR\u0130MENKUL&amp;\u0130N\u015eAAT HUKUKU&#8221; font_container=&#8221;tag:div|font_size:40|text_align:center|color:%23ffffff&#8221; google_fonts=&#8221;font_family:Comfortaa%3A300%2Cregular%2C700|font_style:400%20regular%3A400%3Anormal&#8221;][vc_row_inner][vc_column_inner width=&#8221;1\/5&#8243;][\/vc_column_inner][vc_column_inner width=&#8221;1\/5&#8243;][\/vc_column_inner][vc_column_inner width=&#8221;1\/5&#8243;][vc_separator color=&#8221;custom&#8221; border_width=&#8221;4&#8243; accent_color=&#8221;#cbcbcb&#8221;][vc_empty_space height=&#8221;120px&#8221;][\/vc_column_inner][vc_column_inner width=&#8221;1\/5&#8243;][\/vc_column_inner][vc_column_inner width=&#8221;1\/5&#8243;][\/vc_column_inner][\/vc_row_inner][\/vc_column][\/vc_row][vc_row full_width=&#8221;stretch_row&#8221; css=&#8221;.vc_custom_1645986559930{background-color: #e8e8ea !important;}&#8221;][vc_column][vc_empty_space height=&#8221;64px&#8221;][vc_custom_heading text=&#8221;B\u00fcromuz, gayrimenkul hukukunda her ge\u00e7en g\u00fcn artan tecr\u00fcbesiyle m\u00fcvekkillerine gayrimenkul al\u0131m\u0131 konusunda gerekli hukuki altyap\u0131y\u0131 haz\u0131rlamakta, gayrimenkul hukukundan kaynaklanan her t\u00fcrl\u00fc s\u00f6zle\u015fmeyi d\u00fczenlemekte, m\u00fcvekkillerini m\u00fczakere ve dava a\u015famalar\u0131nda temsil etmekte, \u00f6zellikle kompleks ta\u015f\u0131nmazlar ile al\u0131\u015fveri\u015f merkezlerinin projelendirilmesinde ve bu projelerin uygulanmas\u0131nda hukuki dan\u0131\u015fmanl\u0131k sa\u011flamaktad\u0131r.<\/p>\n<p>B\u00fcromuz; koruyucu avukatl\u0131k modeli ile in\u015faat projelerinin mevzuata ve yine m\u00fcvekkillerinin faaliyetlerinin yasal, mali ve finansal esaslar\u0131yla s\u00f6zle\u015fmesel y\u00fck\u00fcml\u00fcl\u00fcklerine uygunlu\u011funu sa\u011flamaktad\u0131r. B\u00fcromuzun bu hizmetlerine konu gayrimenkuller konut, i\u015fyeri, AVM, otel, fabrika, \u00fcretim ve depolama tesisleri, enerji santralleri, organize sanayi b\u00f6lgeleri, orman ve sit alanlar\u0131 \u00fczerinde yer alan bina ve arazileri vb. kapsayacak \u015fekilde \u00e7e\u015fitlilik g\u00f6stermektedir. Ayr\u0131ca avukatlar\u0131m\u0131z, proje haz\u0131rlanmas\u0131, d\u00fczenlenmesi ve projelerin y\u00fcr\u00fct\u00fclmesi a\u015famalar\u0131nda da hizmet sunmaktad\u0131r.&#8221; font_container=&#8221;tag:div|font_size:18|text_align:left&#8221; use_theme_fonts=&#8221;yes&#8221;][\/vc_column][\/vc_row][vc_row full_width=&#8221;stretch_row&#8221; css=&#8221;.vc_custom_1645980085872{background-color: #e8e8ea !important;}&#8221;][vc_column][vc_empty_space height=&#8221;64px&#8221;][\/vc_column][\/vc_row]<\/p>\n","protected":false},"excerpt":{"rendered":"<p>[vc_row full_width=&#8221;stretch_row&#8221; content_placement=&#8221;middle&#8221; css=&#8221;.vc_custom_1645994239492{background: #e8e8ea url(https:\/\/www.mghhukuk.com\/wp-content\/uploads\/2022\/02\/Fotolia_137673213_M-1-16.jpg?id=984) !important;background-position: center !important;background-repeat: no-repeat !important;background-size: cover !important;}&#8221;][vc_column][vc_empty_space height=&#8221;120px&#8221;][vc_custom_heading text=&#8221;GAYR\u0130MENKUL&amp;\u0130N\u015eAAT HUKUKU&#8221; font_container=&#8221;tag:div|font_size:40|text_align:center|color:%23ffffff&#8221; google_fonts=&#8221;font_family:Comfortaa%3A300%2Cregular%2C700|font_style:400%20regular%3A400%3Anormal&#8221;][vc_row_inner][vc_column_inner width=&#8221;1\/5&#8243;][\/vc_column_inner][vc_column_inner width=&#8221;1\/5&#8243;][\/vc_column_inner][vc_column_inner width=&#8221;1\/5&#8243;][vc_separator color=&#8221;custom&#8221; border_width=&#8221;4&#8243; accent_color=&#8221;#cbcbcb&#8221;][vc_empty_space height=&#8221;120px&#8221;][\/vc_column_inner][vc_column_inner width=&#8221;1\/5&#8243;][\/vc_column_inner][vc_column_inner width=&#8221;1\/5&#8243;][\/vc_column_inner][\/vc_row_inner][\/vc_column][\/vc_row][vc_row full_width=&#8221;stretch_row&#8221; css=&#8221;.vc_custom_1645986559930{background-color: #e8e8ea !important;}&#8221;][vc_column][vc_empty_space height=&#8221;64px&#8221;][vc_custom_heading text=&#8221;B\u00fcromuz, gayrimenkul hukukunda her ge\u00e7en g\u00fcn artan tecr\u00fcbesiyle&#8230;<\/p>\n","protected":false},"author":1,"featured_media":0,"parent":0,"menu_order":0,"comment_status":"closed","ping_status":"closed","template":"","meta":{"footnotes":""},"class_list":["post-840","page","type-page","status-publish","hentry"],"_links":{"self":[{"href":"https:\/\/www.mghhukuk.com\/index.php?rest_route=\/wp\/v2\/pages\/840","targetHints":{"allow":["GET"]}}],"collection":[{"href":"https:\/\/www.mghhukuk.com\/index.php?rest_route=\/wp\/v2\/pages"}],"about":[{"href":"https:\/\/www.mghhukuk.com\/index.php?rest_route=\/wp\/v2\/types\/page"}],"author":[{"embeddable":true,"href":"https:\/\/www.mghhukuk.com\/index.php?rest_route=\/wp\/v2\/users\/1"}],"replies":[{"embeddable":true,"href":"https:\/\/www.mghhukuk.com\/index.php?rest_route=%2Fwp%2Fv2%2Fcomments&post=840"}],"version-history":[{"count":4,"href":"https:\/\/www.mghhukuk.com\/index.php?rest_route=\/wp\/v2\/pages\/840\/revisions"}],"predecessor-version":[{"id":1198,"href":"https:\/\/www.mghhukuk.com\/index.php?rest_route=\/wp\/v2\/pages\/840\/revisions\/1198"}],"wp:attachment":[{"href":"https:\/\/www.mghhukuk.com\/index.php?rest_route=%2Fwp%2Fv2%2Fmedia&parent=840"}],"curies":[{"name":"wp","href":"https:\/\/api.w.org\/{rel}","templated":true}]}}