{"id":841,"date":"2022-02-26T15:39:42","date_gmt":"2022-02-26T12:39:42","guid":{"rendered":"https:\/\/www.mghhukuk.com\/?page_id=841"},"modified":"2022-06-03T15:49:07","modified_gmt":"2022-06-03T12:49:07","slug":"tuketici-hukuku","status":"publish","type":"page","link":"https:\/\/www.mghhukuk.com\/?page_id=841","title":{"rendered":"T\u00dcKET\u0130C\u0130 HUKUKU"},"content":{"rendered":"<p>[vc_row full_width=&#8221;stretch_row&#8221; content_placement=&#8221;middle&#8221; css=&#8221;.vc_custom_1645994545073{background: #e8e8ea url(https:\/\/www.mghhukuk.com\/wp-content\/uploads\/2022\/02\/Fotolia_137673213_M-1-17.jpg?id=987) !important;background-position: center !important;background-repeat: no-repeat !important;background-size: cover !important;}&#8221;][vc_column][vc_empty_space height=&#8221;120px&#8221;][vc_custom_heading text=&#8221;T\u00dcKET\u0130C\u0130 HUKUKU&#8221; font_container=&#8221;tag:div|font_size:40|text_align:center|color:%23ffffff&#8221; google_fonts=&#8221;font_family:Comfortaa%3A300%2Cregular%2C700|font_style:400%20regular%3A400%3Anormal&#8221;][vc_row_inner][vc_column_inner width=&#8221;1\/5&#8243;][\/vc_column_inner][vc_column_inner width=&#8221;1\/5&#8243;][\/vc_column_inner][vc_column_inner width=&#8221;1\/5&#8243;][vc_separator color=&#8221;custom&#8221; border_width=&#8221;4&#8243; accent_color=&#8221;#cbcbcb&#8221;][vc_empty_space height=&#8221;120px&#8221;][\/vc_column_inner][vc_column_inner width=&#8221;1\/5&#8243;][\/vc_column_inner][vc_column_inner width=&#8221;1\/5&#8243;][\/vc_column_inner][\/vc_row_inner][\/vc_column][\/vc_row][vc_row full_width=&#8221;stretch_row&#8221; css=&#8221;.vc_custom_1645986559930{background-color: #e8e8ea !important;}&#8221;][vc_column][vc_empty_space height=&#8221;64px&#8221;][vc_custom_heading text=&#8221;T\u00fcketici hukuku kapsam\u0131nda kimlerin oldu\u011fu ve ne t\u00fcr davalar\u0131 i\u00e7erdi\u011fi hususunda ilk \u00f6nce t\u00fcketici kavram\u0131n\u0131n ne oldu\u011funu bilmekte fayda vard\u0131r.<\/p>\n<p>T\u00fcketici; ticari veya mesleki olmayan ama\u00e7larla hareket eden ger\u00e7ek veya t\u00fczel ki\u015fidir. 6502 say\u0131l\u0131 kanundan anlayaca\u011f\u0131m\u0131z, haz\u0131r bir mal\u0131 veya hizmeti sat\u0131n alarak onu g\u00fcnl\u00fck ya\u015fam\u0131nda kullanan veya t\u00fcketen ki\u015fidir. T\u00fcketici, ger\u00e7ek veya t\u00fczel ki\u015filik olmas\u0131 farketmeksizin, mal veya hizmetten ki\u015fisel ihtiya\u00e7 amac\u0131yla yararlanan ki\u015fidir.<\/p>\n<p>T\u00fcketici \u0130\u015flemi; Bir i\u015flemin t\u00fcketici i\u015flemi olarak kabul edilebilmesi i\u00e7in hukuki ili\u015fkinin taraflar\u0131ndan birinin t\u00fcketici, di\u011fer taraf\u0131n ise sat\u0131c\u0131, hizmet sa\u011flay\u0131c\u0131 veya onlar ad\u0131na hareket eden ger\u00e7ek ya da t\u00fczel ki\u015fi olmas\u0131 gereklidir.<\/p>\n<p>T\u00fcketicinin korunmas\u0131 hakk\u0131ndaki kanunun t\u00fcketicilerin korunmas\u0131 a\u00e7\u0131s\u0131ndan ;Temel gereksinimlerin kar\u015f\u0131lanmas\u0131, G\u00fcvenlik ve g\u00fcven duyma, Mal ve hizmetleri serbest\u00e7e se\u00e7me, Bilgi edinme, E\u011fitilme, Tazmin, Temsil ve Sa\u011fl\u0131kl\u0131 bir \u00e7evreye sahip olma haklar\u0131 \u00e7er\u00e7evesinde olu\u015fturulmu\u015ftur.<\/p>\n<p>T\u00fcketici S\u00f6zle\u015fmelerine Bakacak Olursak;<\/p>\n<p>Taksitle sat\u0131\u015f s\u00f6zle\u015fmeleri<br \/>\nT\u00fcketici kredisi s\u00f6zle\u015fmeleri<br \/>\nKonut finansman\u0131 s\u00f6zle\u015fmeleri<br \/>\n\u0130\u015f yeri d\u0131\u015f\u0131nda kurulan s\u00f6zle\u015fmeler<br \/>\nMesafeli s\u00f6zle\u015fmeler<br \/>\nFinansal hizmetlere ili\u015fkin mesafeli s\u00f6zle\u015fmeleri<br \/>\nDevre tatil ve uzun s\u00fcreli tatil hizmeti s\u00f6zle\u015fmeleri<br \/>\nPaket tur s\u00f6zle\u015fmeleri<br \/>\nAbonelik s\u00f6zle\u015fmeleri 6502 say\u0131l\u0131 T\u00fcketicinin Korunmas\u0131 Hakk\u0131nda Kanununda say\u0131lan s\u00f6zle\u015fmelerin bir k\u0131sm\u0131d\u0131r.&#8221; font_container=&#8221;tag:div|font_size:18|text_align:left&#8221; use_theme_fonts=&#8221;yes&#8221;][\/vc_column][\/vc_row][vc_row full_width=&#8221;stretch_row&#8221; css=&#8221;.vc_custom_1645980085872{background-color: #e8e8ea !important;}&#8221;][vc_column][vc_empty_space height=&#8221;64px&#8221;][\/vc_column][\/vc_row]<\/p>\n","protected":false},"excerpt":{"rendered":"<p>[vc_row full_width=&#8221;stretch_row&#8221; content_placement=&#8221;middle&#8221; css=&#8221;.vc_custom_1645994545073{background: #e8e8ea url(https:\/\/www.mghhukuk.com\/wp-content\/uploads\/2022\/02\/Fotolia_137673213_M-1-17.jpg?id=987) !important;background-position: center !important;background-repeat: no-repeat !important;background-size: cover !important;}&#8221;][vc_column][vc_empty_space height=&#8221;120px&#8221;][vc_custom_heading text=&#8221;T\u00dcKET\u0130C\u0130 HUKUKU&#8221; font_container=&#8221;tag:div|font_size:40|text_align:center|color:%23ffffff&#8221; google_fonts=&#8221;font_family:Comfortaa%3A300%2Cregular%2C700|font_style:400%20regular%3A400%3Anormal&#8221;][vc_row_inner][vc_column_inner width=&#8221;1\/5&#8243;][\/vc_column_inner][vc_column_inner width=&#8221;1\/5&#8243;][\/vc_column_inner][vc_column_inner width=&#8221;1\/5&#8243;][vc_separator color=&#8221;custom&#8221; border_width=&#8221;4&#8243; accent_color=&#8221;#cbcbcb&#8221;][vc_empty_space height=&#8221;120px&#8221;][\/vc_column_inner][vc_column_inner width=&#8221;1\/5&#8243;][\/vc_column_inner][vc_column_inner width=&#8221;1\/5&#8243;][\/vc_column_inner][\/vc_row_inner][\/vc_column][\/vc_row][vc_row full_width=&#8221;stretch_row&#8221; css=&#8221;.vc_custom_1645986559930{background-color: #e8e8ea !important;}&#8221;][vc_column][vc_empty_space height=&#8221;64px&#8221;][vc_custom_heading text=&#8221;T\u00fcketici hukuku kapsam\u0131nda kimlerin oldu\u011fu ve ne t\u00fcr&#8230;<\/p>\n","protected":false},"author":1,"featured_media":0,"parent":0,"menu_order":0,"comment_status":"closed","ping_status":"closed","template":"","meta":{"footnotes":""},"class_list":["post-841","page","type-page","status-publish","hentry"],"_links":{"self":[{"href":"https:\/\/www.mghhukuk.com\/index.php?rest_route=\/wp\/v2\/pages\/841","targetHints":{"allow":["GET"]}}],"collection":[{"href":"https:\/\/www.mghhukuk.com\/index.php?rest_route=\/wp\/v2\/pages"}],"about":[{"href":"https:\/\/www.mghhukuk.com\/index.php?rest_route=\/wp\/v2\/types\/page"}],"author":[{"embeddable":true,"href":"https:\/\/www.mghhukuk.com\/index.php?rest_route=\/wp\/v2\/users\/1"}],"replies":[{"embeddable":true,"href":"https:\/\/www.mghhukuk.com\/index.php?rest_route=%2Fwp%2Fv2%2Fcomments&post=841"}],"version-history":[{"count":4,"href":"https:\/\/www.mghhukuk.com\/index.php?rest_route=\/wp\/v2\/pages\/841\/revisions"}],"predecessor-version":[{"id":1199,"href":"https:\/\/www.mghhukuk.com\/index.php?rest_route=\/wp\/v2\/pages\/841\/revisions\/1199"}],"wp:attachment":[{"href":"https:\/\/www.mghhukuk.com\/index.php?rest_route=%2Fwp%2Fv2%2Fmedia&parent=841"}],"curies":[{"name":"wp","href":"https:\/\/api.w.org\/{rel}","templated":true}]}}