{"id":843,"date":"2022-02-26T15:39:43","date_gmt":"2022-02-26T12:39:43","guid":{"rendered":"https:\/\/www.mghhukuk.com\/?page_id=843"},"modified":"2022-06-03T15:49:15","modified_gmt":"2022-06-03T12:49:15","slug":"aile-hukuku","status":"publish","type":"page","link":"https:\/\/www.mghhukuk.com\/?page_id=843","title":{"rendered":"A\u0130LE HUKUKU"},"content":{"rendered":"<p>[vc_row full_width=&#8221;stretch_row&#8221; content_placement=&#8221;middle&#8221; css=&#8221;.vc_custom_1645994877392{background: #e8e8ea url(https:\/\/www.mghhukuk.com\/wp-content\/uploads\/2022\/02\/Fotolia_137673213_M-1-19.jpg?id=993) !important;background-position: center !important;background-repeat: no-repeat !important;background-size: cover !important;}&#8221;][vc_column][vc_empty_space height=&#8221;120px&#8221;][vc_custom_heading text=&#8221;A\u0130LE ve M\u0130RAS HUKUKU&#8221; font_container=&#8221;tag:div|font_size:40|text_align:center|color:%23ffffff&#8221; google_fonts=&#8221;font_family:Comfortaa%3A300%2Cregular%2C700|font_style:400%20regular%3A400%3Anormal&#8221;][vc_row_inner][vc_column_inner width=&#8221;1\/5&#8243;][\/vc_column_inner][vc_column_inner width=&#8221;1\/5&#8243;][\/vc_column_inner][vc_column_inner width=&#8221;1\/5&#8243;][vc_separator color=&#8221;custom&#8221; border_width=&#8221;4&#8243; accent_color=&#8221;#cbcbcb&#8221;][vc_empty_space height=&#8221;120px&#8221;][\/vc_column_inner][vc_column_inner width=&#8221;1\/5&#8243;][\/vc_column_inner][vc_column_inner width=&#8221;1\/5&#8243;][\/vc_column_inner][\/vc_row_inner][\/vc_column][\/vc_row][vc_row full_width=&#8221;stretch_row&#8221; css=&#8221;.vc_custom_1645986559930{background-color: #e8e8ea !important;}&#8221;][vc_column][vc_empty_space height=&#8221;64px&#8221;][vc_custom_heading text=&#8221;Aile ile alakal\u0131 hukuki konular ile ilgilenen aile hukuku, medeni hukuk kapsam\u0131 i\u00e7inde yer almaktad\u0131r. Aile hukukunun ana konular\u0131; ni\u015fanlanma, evlenme ko\u015fullar\u0131, aile konutu, bo\u015fanma ko\u015fullar\u0131, velayet, evlat edinme, nafaka hakk\u0131, i\u015ftirak nafakas\u0131, yard\u0131m nafakas\u0131, maddi ve manevi tazminat davalar\u0131 gibi konular\u0131 i\u00e7ermektedir. \u00c7ocuk haklar\u0131 ve kad\u0131n haklar\u0131 her ne kadar ba\u015fl\u0131 ba\u015f\u0131na hukuk terimleri olsa da, aile hukukunu da yak\u0131ndan ilgilendirmektedir.<br \/>\nHi\u00e7 arzu edilmese de, g\u00fcn\u00fcm\u00fcz ya\u015fam zorluklar\u0131 sonucunda pek \u00e7ok aile b\u00f6l\u00fcn\u00fcp par\u00e7alanmakta, e\u015fler ve hatta \u00e7ocuklar birbirlerine kar\u015f\u0131 dava a\u00e7ar duruma gelmektedir. Bu t\u00fcr davalar\u0131n b\u00fcy\u00fck \u00e7o\u011funlu\u011fu yasal haklar bilinmeksizin sadece kulaktan dolma bir tak\u0131m bilgilere dayan\u0131larak a\u00e7\u0131lmakta ve maalesef telafisi imkans\u0131z hak kay\u0131plar\u0131 ile neticelenmektedir.<br \/>\nAyr\u0131ca kay\u0131ts\u0131z ya\u015fam arkada\u015fl\u0131klar\u0131 da aile hukuku i\u00e7inde yer almaktad\u0131r. Evlilik d\u0131\u015f\u0131 ya\u015fam arkada\u015fl\u0131\u011f\u0131, mevzuat h\u00fck\u00fcmlerine g\u00f6re herhangi bir hak bulundurmaz. Kay\u0131ts\u0131z ya\u015fam arkada\u015fl\u0131\u011f\u0131nda \u00e7ocuk, evlilik i\u00e7inde ya da evlilik d\u0131\u015f\u0131nda do\u011fsa da e\u015fit haklardan yararlan\u0131r.<br \/>\nTa\u015f\u0131y\u0131c\u0131 annelik, aile i\u00e7i \u015fiddet, yapay d\u00f6llenme ve \u00e7ocuk ka\u00e7\u0131rma ve \u00e7ocuk istismar\u0131 gibi \u00e7ocuk haklar\u0131 ve kad\u0131n haklar\u0131 kapsam\u0131 alt\u0131nda yer alan konular da uluslararas\u0131 s\u00f6zle\u015fmeler gere\u011fi i\u00e7 hukukta d\u00fczenlenmi\u015f olup Aile Hukukunu yak\u0131ndan ilgilendirir.<br \/>\nAile hukuku kapsam\u0131nda yer alan konular ve di\u011fer baz\u0131 \u00f6zel yasalar ile d\u00fczenlenmi\u015f olan konular da aile mahkemelerinde g\u00f6r\u00fclmektedir. Aile mahkemesi yarg\u0131\u00e7lar\u0131n\u0131n atanmas\u0131 esnas\u0131nda, aile hukuku konusunda uzmanl\u0131\u011f\u0131na ve evli ya da \u00e7ocuklu oldu\u011funa bak\u0131l\u0131r.&#8221; font_container=&#8221;tag:div|font_size:18|text_align:left&#8221; use_theme_fonts=&#8221;yes&#8221;][\/vc_column][\/vc_row][vc_row full_width=&#8221;stretch_row&#8221; css=&#8221;.vc_custom_1645980085872{background-color: #e8e8ea !important;}&#8221;][vc_column][vc_empty_space height=&#8221;64px&#8221;][\/vc_column][\/vc_row]<\/p>\n","protected":false},"excerpt":{"rendered":"<p>[vc_row full_width=&#8221;stretch_row&#8221; content_placement=&#8221;middle&#8221; css=&#8221;.vc_custom_1645994877392{background: #e8e8ea url(https:\/\/www.mghhukuk.com\/wp-content\/uploads\/2022\/02\/Fotolia_137673213_M-1-19.jpg?id=993) !important;background-position: center !important;background-repeat: no-repeat !important;background-size: cover !important;}&#8221;][vc_column][vc_empty_space height=&#8221;120px&#8221;][vc_custom_heading text=&#8221;A\u0130LE ve M\u0130RAS HUKUKU&#8221; font_container=&#8221;tag:div|font_size:40|text_align:center|color:%23ffffff&#8221; google_fonts=&#8221;font_family:Comfortaa%3A300%2Cregular%2C700|font_style:400%20regular%3A400%3Anormal&#8221;][vc_row_inner][vc_column_inner width=&#8221;1\/5&#8243;][\/vc_column_inner][vc_column_inner width=&#8221;1\/5&#8243;][\/vc_column_inner][vc_column_inner width=&#8221;1\/5&#8243;][vc_separator color=&#8221;custom&#8221; border_width=&#8221;4&#8243; accent_color=&#8221;#cbcbcb&#8221;][vc_empty_space height=&#8221;120px&#8221;][\/vc_column_inner][vc_column_inner width=&#8221;1\/5&#8243;][\/vc_column_inner][vc_column_inner width=&#8221;1\/5&#8243;][\/vc_column_inner][\/vc_row_inner][\/vc_column][\/vc_row][vc_row full_width=&#8221;stretch_row&#8221; css=&#8221;.vc_custom_1645986559930{background-color: #e8e8ea !important;}&#8221;][vc_column][vc_empty_space height=&#8221;64px&#8221;][vc_custom_heading text=&#8221;Aile ile alakal\u0131 hukuki konular ile&#8230;<\/p>\n","protected":false},"author":1,"featured_media":0,"parent":0,"menu_order":0,"comment_status":"closed","ping_status":"closed","template":"","meta":{"footnotes":""},"class_list":["post-843","page","type-page","status-publish","hentry"],"_links":{"self":[{"href":"https:\/\/www.mghhukuk.com\/index.php?rest_route=\/wp\/v2\/pages\/843","targetHints":{"allow":["GET"]}}],"collection":[{"href":"https:\/\/www.mghhukuk.com\/index.php?rest_route=\/wp\/v2\/pages"}],"about":[{"href":"https:\/\/www.mghhukuk.com\/index.php?rest_route=\/wp\/v2\/types\/page"}],"author":[{"embeddable":true,"href":"https:\/\/www.mghhukuk.com\/index.php?rest_route=\/wp\/v2\/users\/1"}],"replies":[{"embeddable":true,"href":"https:\/\/www.mghhukuk.com\/index.php?rest_route=%2Fwp%2Fv2%2Fcomments&post=843"}],"version-history":[{"count":5,"href":"https:\/\/www.mghhukuk.com\/index.php?rest_route=\/wp\/v2\/pages\/843\/revisions"}],"predecessor-version":[{"id":1200,"href":"https:\/\/www.mghhukuk.com\/index.php?rest_route=\/wp\/v2\/pages\/843\/revisions\/1200"}],"wp:attachment":[{"href":"https:\/\/www.mghhukuk.com\/index.php?rest_route=%2Fwp%2Fv2%2Fmedia&parent=843"}],"curies":[{"name":"wp","href":"https:\/\/api.w.org\/{rel}","templated":true}]}}