{"id":844,"date":"2022-02-26T15:39:43","date_gmt":"2022-02-26T12:39:43","guid":{"rendered":"https:\/\/www.mghhukuk.com\/?page_id=844"},"modified":"2022-06-08T14:34:25","modified_gmt":"2022-06-08T11:34:25","slug":"ceza-hukuku","status":"publish","type":"page","link":"https:\/\/www.mghhukuk.com\/?page_id=844","title":{"rendered":"CEZA HUKUKU"},"content":{"rendered":"<p>[vc_row full_width=&#8221;stretch_row&#8221; content_placement=&#8221;middle&#8221; css=&#8221;.vc_custom_1654688049812{background: #e8e8ea url(https:\/\/www.mghhukuk.com\/wp-content\/uploads\/2022\/02\/Fotolia_137673213_M-1-20.jpg?id=996) !important;background-position: center !important;background-repeat: no-repeat !important;background-size: cover !important;}&#8221;][vc_column][vc_empty_space height=&#8221;120px&#8221;][vc_custom_heading text=&#8221;CEZA HUKUKU&#8221; font_container=&#8221;tag:div|font_size:40|text_align:center|color:%23ffffff&#8221; google_fonts=&#8221;font_family:Comfortaa%3A300%2Cregular%2C700|font_style:400%20regular%3A400%3Anormal&#8221;][vc_row_inner][vc_column_inner width=&#8221;1\/5&#8243;][\/vc_column_inner][vc_column_inner width=&#8221;1\/5&#8243;][\/vc_column_inner][vc_column_inner width=&#8221;1\/5&#8243;][vc_separator color=&#8221;custom&#8221; border_width=&#8221;4&#8243; accent_color=&#8221;#cbcbcb&#8221;][vc_empty_space height=&#8221;120px&#8221;][\/vc_column_inner][vc_column_inner width=&#8221;1\/5&#8243;][\/vc_column_inner][vc_column_inner width=&#8221;1\/5&#8243;][\/vc_column_inner][\/vc_row_inner][\/vc_column][\/vc_row][vc_row full_width=&#8221;stretch_row&#8221; css=&#8221;.vc_custom_1654688057805{background-color: #e8e8ea !important;}&#8221;][vc_column][vc_empty_space height=&#8221;64px&#8221;][vc_custom_heading text=&#8221;Tarihte bilinen ilk hukuk S\u00fcmerler taraf\u0131ndan tasarlan\u0131p hayata ge\u00e7irilmi\u015ftir. O g\u00fcnden bu yana her \u00fclke kendi do\u011frular\u0131 \u00e7er\u00e7evesinde bu hukuku ele al\u0131p de\u011fi\u015fiklikler yapm\u0131\u015f ve kamu d\u00fczenini sa\u011flamak i\u00e7in kullanmaya ba\u015flam\u0131\u015ft\u0131r. Babil devletinin en eski hukuk kurallar\u0131 ve bu g\u00fcnlerin yol g\u00f6stericisi olan da bilindi\u011fi gibi Hammurabi Kanunlar\u0131d\u0131r. Kamu hukukunun ceza ve su\u00e7 i\u00e7eren kavramlar\u0131n\u0131 belirleyen ve inceleyen dal\u0131 ise ceza hukukudur. Ceza ve su\u00e7 kanunlarla belirlenen kar\u015f\u0131l\u0131\u011f\u0131 oldu\u011fu zaman ancak i\u015flevsellik kazan\u0131r. Ceza hukuku ceza \u00f6zel ve ceza genel olarak iki b\u00f6l\u00fcmde incelenebilir. Genel ceza hukuku dendi\u011fi zaman akla genel h\u00fck\u00fcmler, su\u00e7 te\u015fkil eden maddi ve manevi kavramlar\u0131n tan\u0131m\u0131, su\u00e7u ortadan kald\u0131ran etkenler, su\u00e7 azalt\u0131c\u0131 veya ortadan kald\u0131rmaya yarayan unsurlar gelmelidir. \u00d6zel ceza hukuku dendi\u011fi zaman ise \u00fclke kanunlar\u0131 \u00e7er\u00e7evesinde su\u00e7 kapsam\u0131na giren etkenler, bunlar\u0131n bir birleri ile olan etkile\u015fimleri, su\u00e7u ortadan kald\u0131ran temel nedenler akla gelmelidir.&#8221; font_container=&#8221;tag:div|font_size:18|text_align:left&#8221; use_theme_fonts=&#8221;yes&#8221;][\/vc_column][\/vc_row][vc_row full_width=&#8221;stretch_row&#8221; css=&#8221;.vc_custom_1654688064029{background-color: #e8e8ea !important;}&#8221;][vc_column][vc_empty_space height=&#8221;64px&#8221;][\/vc_column][\/vc_row]<\/p>\n","protected":false},"excerpt":{"rendered":"<p>[vc_row full_width=&#8221;stretch_row&#8221; content_placement=&#8221;middle&#8221; css=&#8221;.vc_custom_1654688049812{background: #e8e8ea url(https:\/\/www.mghhukuk.com\/wp-content\/uploads\/2022\/02\/Fotolia_137673213_M-1-20.jpg?id=996) !important;background-position: center !important;background-repeat: no-repeat !important;background-size: cover !important;}&#8221;][vc_column][vc_empty_space height=&#8221;120px&#8221;][vc_custom_heading text=&#8221;CEZA HUKUKU&#8221; font_container=&#8221;tag:div|font_size:40|text_align:center|color:%23ffffff&#8221; google_fonts=&#8221;font_family:Comfortaa%3A300%2Cregular%2C700|font_style:400%20regular%3A400%3Anormal&#8221;][vc_row_inner][vc_column_inner width=&#8221;1\/5&#8243;][\/vc_column_inner][vc_column_inner width=&#8221;1\/5&#8243;][\/vc_column_inner][vc_column_inner width=&#8221;1\/5&#8243;][vc_separator color=&#8221;custom&#8221; border_width=&#8221;4&#8243; accent_color=&#8221;#cbcbcb&#8221;][vc_empty_space height=&#8221;120px&#8221;][\/vc_column_inner][vc_column_inner width=&#8221;1\/5&#8243;][\/vc_column_inner][vc_column_inner width=&#8221;1\/5&#8243;][\/vc_column_inner][\/vc_row_inner][\/vc_column][\/vc_row][vc_row full_width=&#8221;stretch_row&#8221; css=&#8221;.vc_custom_1654688057805{background-color: #e8e8ea !important;}&#8221;][vc_column][vc_empty_space height=&#8221;64px&#8221;][vc_custom_heading text=&#8221;Tarihte bilinen ilk hukuk S\u00fcmerler taraf\u0131ndan tasarlan\u0131p hayata&#8230;<\/p>\n","protected":false},"author":1,"featured_media":0,"parent":0,"menu_order":0,"comment_status":"closed","ping_status":"closed","template":"","meta":{"footnotes":""},"class_list":["post-844","page","type-page","status-publish","hentry"],"_links":{"self":[{"href":"https:\/\/www.mghhukuk.com\/index.php?rest_route=\/wp\/v2\/pages\/844","targetHints":{"allow":["GET"]}}],"collection":[{"href":"https:\/\/www.mghhukuk.com\/index.php?rest_route=\/wp\/v2\/pages"}],"about":[{"href":"https:\/\/www.mghhukuk.com\/index.php?rest_route=\/wp\/v2\/types\/page"}],"author":[{"embeddable":true,"href":"https:\/\/www.mghhukuk.com\/index.php?rest_route=\/wp\/v2\/users\/1"}],"replies":[{"embeddable":true,"href":"https:\/\/www.mghhukuk.com\/index.php?rest_route=%2Fwp%2Fv2%2Fcomments&post=844"}],"version-history":[{"count":9,"href":"https:\/\/www.mghhukuk.com\/index.php?rest_route=\/wp\/v2\/pages\/844\/revisions"}],"predecessor-version":[{"id":1287,"href":"https:\/\/www.mghhukuk.com\/index.php?rest_route=\/wp\/v2\/pages\/844\/revisions\/1287"}],"wp:attachment":[{"href":"https:\/\/www.mghhukuk.com\/index.php?rest_route=%2Fwp%2Fv2%2Fmedia&parent=844"}],"curies":[{"name":"wp","href":"https:\/\/api.w.org\/{rel}","templated":true}]}}